{"id":1677,"date":"2025-07-23T21:56:06","date_gmt":"2025-07-23T20:56:06","guid":{"rendered":"https:\/\/www.essencetantric.pt\/?post_type=product&#038;p=1677"},"modified":"2026-04-24T19:35:32","modified_gmt":"2026-04-24T18:35:32","slug":"kiara","status":"publish","type":"product","link":"https:\/\/www.essencetantric.pt\/pt\/massagista\/kiara\/","title":{"rendered":"Kiara"},"content":{"rendered":"<div class=\"texto-principal\">\n<p>Kiara \u00e9 uma massagista brasileira de 28 anos, com 1,83m de altura e um corpo esguio que combina eleg\u00e2ncia e sensualidade. Com cabelos loiros e olhos castanho escuro, sua presen\u00e7a \u00e9 marcante e seu toque \u00e9 ao mesmo tempo delicado e profundo.<\/p>\n<p>No ambiente acolhedor da Essence T\u00e2ntric, Kiara proporciona experi\u00eancias \u00fanicas atrav\u00e9s da <a href=\"https:\/\/www.essencetantric.pt\/pt\/massagem-tantrica\/\">Massagem T\u00e2ntrica<\/a>, guiando o cliente por uma jornada de autoconhecimento e prazer consciente.<\/p>\n<p>A sua <a href=\"https:\/\/www.essencetantric.pt\/pt\/massagem-body-to-body\/\">Massagem Body to Body<\/a> \u00e9 realizada com sensualidade e leveza, proporcionando uma conex\u00e3o intensa com o corpo. Para quem deseja uma experi\u00eancia ainda mais envolvente, Kiara oferece a <a href=\"https:\/\/www.essencetantric.pt\/pt\/massagem-nuru\/\">Massagem Nuru<\/a>, com toque deslizante e estimulante.<\/p>\n<p>Com profundo respeito e aten\u00e7\u00e3o, tamb\u00e9m realiza a <a href=\"https:\/\/www.essencetantric.pt\/pt\/massagem-lingam\/\">Massagem Lingam<\/a>, indicada para quem deseja despertar e expandir a energia sexual de forma consciente.<\/p>\n<p>Al\u00e9m disso, Kiara est\u00e1 dispon\u00edvel para sess\u00f5es de <a href=\"https:\/\/www.essencetantric.pt\/pt\/massagem-sensual\/\">Massagem Sensual<\/a>, <a href=\"https:\/\/www.essencetantric.pt\/pt\/massagem-de-relaxamento\/\">Massagem de Relaxamento<\/a> e <a href=\"https:\/\/www.essencetantric.pt\/pt\/massagem-desportiva\/\">Massagem Desportiva<\/a>, adaptando cada sess\u00e3o ao perfil e necessidades do cliente.<\/p>\n<\/div>\n","protected":false},"excerpt":{"rendered":"<div class=\"texto-convidativo\">\n<p>Ol\u00e1, eu sou a Kiara, uma massagista apaixonada pela arte do toque e por proporcionar experi\u00eancias sensoriais que despertam o corpo, a mente e a alma.<\/p>\n<p>Te convido a viver comigo uma <a href=\"https:\/\/www.essencetantric.pt\/pt\/massagem-tantrica\/\">Massagem T\u00e2ntrica<\/a> transformadora, ou se preferires, uma <a href=\"https:\/\/www.essencetantric.pt\/pt\/massagem-body-to-body\/\">Massagem Body to Body<\/a> que vai al\u00e9m da pele, levando-te ao prazer da presen\u00e7a plena.<\/p>\n<p>Se est\u00e1s em busca de algo ainda mais intenso, a <a href=\"https:\/\/www.essencetantric.pt\/pt\/massagem-nuru\/\">Massagem Nuru<\/a> e a <a href=\"https:\/\/www.essencetantric.pt\/pt\/massagem-lingam\/\">Massagem Lingam<\/a> s\u00e3o perfeitas para te conectares profundamente com a tua energia vital.<\/p>\n<p>Estou pronta para te receber com carinho, respeito e dedica\u00e7\u00e3o aqui na Essence T\u00e2ntric. Vem viver esse momento comigo.<\/p>\n<\/div>\n","protected":false},"featured_media":2469,"comment_status":"closed","ping_status":"closed","template":"","meta":{"_glsr_average":0,"_glsr_ranking":0,"_glsr_reviews":0,"_joinchat":[]},"product_brand":[],"product_cat":[16],"product_tag":[57,61,63,68,53,59,54,67,52,58,64,62,66,55,60,56,65],"class_list":{"0":"post-1677","1":"product","2":"type-product","3":"status-publish","4":"has-post-thumbnail","6":"product_cat-massagem-tantrica","7":"product_tag-body-to-body-massage-portimao","8":"product_tag-massagem-a-dois-algarve","9":"product_tag-massagem-com-final-feliz-algarve","10":"product_tag-massagem-de-luxo-algarve","11":"product_tag-massagem-erotica","12":"product_tag-massagem-intima-portimao","13":"product_tag-massagem-sensual-algarve","14":"product_tag-massagem-tantra-portimao","15":"product_tag-massagem-tantrica","16":"product_tag-massagens-eroticas-algarve","17":"product_tag-massagens-profissionais-em-portimao","18":"product_tag-massagens-relaxantes-portimao","19":"product_tag-massagistas-brasileiras-no-algarve","20":"product_tag-massagistas-em-portimao","21":"product_tag-spa-com-massagistas-sensuais-algarve","22":"product_tag-tantra-algarve","23":"product_tag-yoni-massage-portugal","25":"first","26":"instock","27":"shipping-taxable","28":"product-type-simple"},"acf":[],"_links":{"self":[{"href":"https:\/\/www.essencetantric.pt\/pt\/wp-json\/wp\/v2\/product\/1677","targetHints":{"allow":["GET"]}}],"collection":[{"href":"https:\/\/www.essencetantric.pt\/pt\/wp-json\/wp\/v2\/product"}],"about":[{"href":"https:\/\/www.essencetantric.pt\/pt\/wp-json\/wp\/v2\/types\/product"}],"replies":[{"embeddable":true,"href":"https:\/\/www.essencetantric.pt\/pt\/wp-json\/wp\/v2\/comments?post=1677"}],"wp:featuredmedia":[{"embeddable":true,"href":"https:\/\/www.essencetantric.pt\/pt\/wp-json\/wp\/v2\/media\/2469"}],"wp:attachment":[{"href":"https:\/\/www.essencetantric.pt\/pt\/wp-json\/wp\/v2\/media?parent=1677"}],"wp:term":[{"taxonomy":"product_brand","embeddable":true,"href":"https:\/\/www.essencetantric.pt\/pt\/wp-json\/wp\/v2\/product_brand?post=1677"},{"taxonomy":"product_cat","embeddable":true,"href":"https:\/\/www.essencetantric.pt\/pt\/wp-json\/wp\/v2\/product_cat?post=1677"},{"taxonomy":"product_tag","embeddable":true,"href":"https:\/\/www.essencetantric.pt\/pt\/wp-json\/wp\/v2\/product_tag?post=1677"}],"curies":[{"name":"wp","href":"https:\/\/api.w.org\/{rel}","templated":true}]}}