{"id":1477,"date":"2025-05-28T13:34:54","date_gmt":"2025-05-28T12:34:54","guid":{"rendered":"https:\/\/www.essencetantric.pt\/?post_type=product&#038;p=1477"},"modified":"2025-07-30T23:37:53","modified_gmt":"2025-07-30T22:37:53","slug":"nicoly","status":"publish","type":"product","link":"https:\/\/www.essencetantric.pt\/pt\/massagista\/nicoly\/","title":{"rendered":"Nicoly"},"content":{"rendered":"","protected":false},"excerpt":{"rendered":"<p>&nbsp;<\/p>\n<h2>Nicoly \u2013 26 anos, Brasileira<\/h2>\n<p>Especialista na arte de seduzir e proporcionar prazer. Com <strong>1,60m de altura<\/strong>, <strong>58kg<\/strong> e olhos castanhos que hipnotizam, a Nicoly \u00e9 aquele tipo de mulher que desperta desejo e curiosidade logo no primeiro olhar.<\/p>\n<p>De toque suave e energia quente, ela conduz-te a uma viagem de sensa\u00e7\u00f5es que vai muito al\u00e9m do corpo. Permite-te relaxar e explorar cada detalhe do prazer atrav\u00e9s de uma envolvente<br \/>\n<a href=\"https:\/\/www.essencetantric.pt\/massagem-lingam\/\" target=\"_blank\" rel=\"noopener\">Massagem Lingam<\/a>, entrega-te ao deslizar dos corpos na intensa<br \/>\n<a href=\"https:\/\/www.essencetantric.pt\/massagem-body-to-body\" target=\"_blank\" rel=\"noopener\">Massagem Body to Body<\/a> ou partilha este momento especial com quem amas numa deliciosa<br \/>\n<a href=\"https:\/\/www.essencetantric.pt\/massagem-para-casais\/\" target=\"_blank\" rel=\"noopener\">Massagem para Casais<\/a>.<\/p>\n<p>Se procuras algo ainda mais profundo, deixa-te levar pela conex\u00e3o \u00fanica da<br \/>\n<a href=\"https:\/\/www.essencetantric.pt\/pt\/massagem-tantrica\/\" target=\"_blank\" rel=\"noopener\">Massagem T\u00e2ntrica<\/a>, pelo toque escorregadio e excitante da<br \/>\n<a href=\"https:\/\/www.essencetantric.pt\/massagem-nuru\/\" target=\"_blank\" rel=\"noopener\">Massagem Nuru<\/a> ou simplesmente relaxa, esquecendo do mundo, com uma deliciosa<br \/>\n<a href=\"https:\/\/www.essencetantric.pt\/massagem-de-relaxamento\/\" target=\"_blank\" rel=\"noopener\">Massagem Relaxante<\/a>.<\/p>\n<p><strong>A Nicoly est\u00e1 \u00e0 tua espera em Portim\u00e3o, pronta para transformar o teu dia numa experi\u00eancia inesquec\u00edvel.<\/strong><\/p>\n","protected":false},"featured_media":1482,"comment_status":"open","ping_status":"closed","template":"","meta":{"_glsr_average":0,"_glsr_ranking":0,"_glsr_reviews":0,"_joinchat":[]},"product_brand":[],"product_cat":[16],"product_tag":[57,61,63,68,53,59,54,67,52,58,64,62,66,55,60,56,65],"class_list":{"0":"post-1477","1":"product","2":"type-product","3":"status-publish","4":"has-post-thumbnail","6":"product_cat-massagem-tantrica","7":"product_tag-body-to-body-massage-portimao","8":"product_tag-massagem-a-dois-algarve","9":"product_tag-massagem-com-final-feliz-algarve","10":"product_tag-massagem-de-luxo-algarve","11":"product_tag-massagem-erotica","12":"product_tag-massagem-intima-portimao","13":"product_tag-massagem-sensual-algarve","14":"product_tag-massagem-tantra-portimao","15":"product_tag-massagem-tantrica","16":"product_tag-massagens-eroticas-algarve","17":"product_tag-massagens-profissionais-em-portimao","18":"product_tag-massagens-relaxantes-portimao","19":"product_tag-massagistas-brasileiras-no-algarve","20":"product_tag-massagistas-em-portimao","21":"product_tag-spa-com-massagistas-sensuais-algarve","22":"product_tag-tantra-algarve","23":"product_tag-yoni-massage-portugal","24":"pa_altura-23","25":"pa_idade-87","26":"pa_nacionalidade-brasileira","27":"pa_peso-88","29":"first","30":"instock","31":"shipping-taxable","32":"product-type-simple"},"acf":[],"_links":{"self":[{"href":"https:\/\/www.essencetantric.pt\/pt\/wp-json\/wp\/v2\/product\/1477","targetHints":{"allow":["GET"]}}],"collection":[{"href":"https:\/\/www.essencetantric.pt\/pt\/wp-json\/wp\/v2\/product"}],"about":[{"href":"https:\/\/www.essencetantric.pt\/pt\/wp-json\/wp\/v2\/types\/product"}],"replies":[{"embeddable":true,"href":"https:\/\/www.essencetantric.pt\/pt\/wp-json\/wp\/v2\/comments?post=1477"}],"wp:featuredmedia":[{"embeddable":true,"href":"https:\/\/www.essencetantric.pt\/pt\/wp-json\/wp\/v2\/media\/1482"}],"wp:attachment":[{"href":"https:\/\/www.essencetantric.pt\/pt\/wp-json\/wp\/v2\/media?parent=1477"}],"wp:term":[{"taxonomy":"product_brand","embeddable":true,"href":"https:\/\/www.essencetantric.pt\/pt\/wp-json\/wp\/v2\/product_brand?post=1477"},{"taxonomy":"product_cat","embeddable":true,"href":"https:\/\/www.essencetantric.pt\/pt\/wp-json\/wp\/v2\/product_cat?post=1477"},{"taxonomy":"product_tag","embeddable":true,"href":"https:\/\/www.essencetantric.pt\/pt\/wp-json\/wp\/v2\/product_tag?post=1477"}],"curies":[{"name":"wp","href":"https:\/\/api.w.org\/{rel}","templated":true}]}}