{"id":2477,"date":"2025-11-07T17:47:26","date_gmt":"2025-11-07T17:47:26","guid":{"rendered":"https:\/\/www.essencetantric.pt\/?post_type=product&#038;p=2477"},"modified":"2026-04-16T12:08:14","modified_gmt":"2026-04-16T11:08:14","slug":"alexandre","status":"publish","type":"product","link":"https:\/\/www.essencetantric.pt\/it\/massagista\/alexandre\/","title":{"rendered":"Alessandro"},"content":{"rendered":"<div class=\"texto-terceira-pessoa\">\n<h4><strong>Alexandre \u2013 Forza, profondit\u00e0 ed energia maschile nel tocco tantrico.<\/strong><\/h4>\n<p>IL <strong>Essenza Tantrica<\/strong> Siamo lieti di presentare <strong>Alessandro<\/strong>, un terapeuta la cui presenza irradia sicurezza e un&#039;accattivante energia maschile. <strong>28 anni<\/strong>, con il suo <strong>capelli neri<\/strong> E <strong>occhi castano scuro<\/strong> de olhar penetrante, Alexandre oferece um toque seguro e especializado, transformando cada sess\u00e3o numa jornada de redescoberta e prazer consciente.<\/p>\n<p>Com a sua estrutura de **181 cm** e toque firme, Alexandre combina a profundidade das t\u00e9cnicas t\u00e2ntricas com uma sensualidade madura para proporcionar uma experi\u00eancia \u00fanica. A sua abordagem \u00e9 ideal para quem deseja desbloquear energias, explorar o prazer na sua forma mais intensa e sentir a for\u00e7a de uma conex\u00e3o aut\u00eantica.<\/p>\n<p>Com Alexandre, poder\u00e1 desfrutar das nossas massagens exclusivas:<\/p>\n<ul>\n<li><a href=\"https:\/\/www.essencetantric.pt\/pt\/massagem-tantrica\/\" target=\"_blank\" rel=\"noopener\">Massaggio tantrico<\/a>Sblocca le tue energie e scopri il piacere consapevole.<\/li>\n<li><a href=\"https:\/\/www.essencetantric.pt\/pt\/massagem-body-to-body\/\" target=\"_blank\" rel=\"noopener\">Massaggio corpo a corpo<\/a>Connessione intensa attraverso il contatto fisico completo.<\/li>\n<li><a href=\"https:\/\/www.essencetantric.pt\/pt\/massagem-nuru\/\" target=\"_blank\" rel=\"noopener\">Massaggio Nuru<\/a>: un&#039;esperienza sfuggente e affascinante.<\/li>\n<li><a href=\"https:\/\/www.essencetantric.pt\/pt\/massagem-sensual\/\" target=\"_blank\" rel=\"noopener\">Massaggio sensuale<\/a>Un perfetto equilibrio tra erotismo e sensibilit\u00e0.<\/li>\n<li><a href=\"https:\/\/www.essencetantric.pt\/pt\/massagem-yoni\/\" target=\"_blank\" rel=\"noopener\">Massaggio Yoni<\/a>: dedicato al piacere e alla consapevolezza femminile.<\/li>\n<li><a href=\"https:\/\/www.essencetantric.pt\/pt\/massagem-lingam\/\" target=\"_blank\" rel=\"noopener\">Massaggio Lingam<\/a>Un profondo legame con l&#039;energia maschile.<\/li>\n<li><a href=\"https:\/\/www.essencetantric.pt\/pt\/massagem-para-casais\/\" target=\"_blank\" rel=\"noopener\">Massaggio di coppia<\/a>Condividete un momento intimo e sensuale in coppia.<\/li>\n<li><a href=\"https:\/\/www.essencetantric.pt\/pt\/massagem-de-relaxamento\/\" target=\"_blank\" rel=\"noopener\">Massaggio rilassante<\/a>Ideale per alleviare lo stress e rigenerare le energie.<\/li>\n<li><a href=\"https:\/\/www.essencetantric.pt\/pt\/massagem-desportiva\/\" target=\"_blank\" rel=\"noopener\">Massaggio sportivo<\/a>Ideale per rivitalizzare il corpo dopo uno sforzo fisico.<\/li>\n<\/ul>\n<p>Con Alexandre, ogni tocco conduce a un piacere profondo, ogni istante \u00e8 una promessa di equilibrio e trasformazione. Un&#039;esperienza che risveglier\u00e0 la tua energia maschile.<\/p>\n<\/div>","protected":false},"excerpt":{"rendered":"<div class=\"texto-primeira-pessoa\">\n<h4><strong>Percepisci l&#039;intensit\u00e0 della mia energia e la sicurezza del mio tocco\u2026<\/strong><\/h4>\n<p>Ciao, sono <strong>Alessandro<\/strong>. Io ho <strong>28 anni<\/strong>, <strong>1,81 m<\/strong> alto, un corpo atletico di <strong>90 kg<\/strong>, con <strong>occhi castano scuro<\/strong> che trasmettono profondit\u00e0 e un <strong>capelli neri<\/strong> il che sottolinea la mia presenza.<\/p>\n<p>Ogni massaggio che offro \u00e8 un invito all&#039;abbandono totale e alla scoperta della vostra energia vitale. Il mio tocco \u00e8 deciso, sicuro e profondamente avvolgente, pensato per risvegliare e liberare la vostra sensualit\u00e0 pi\u00f9 profonda.<\/p>\n<p>Con me, scoprirai che un massaggio tantrico pu\u00f2 essere molto pi\u00f9 di un semplice momento di benessere: sar\u00e0 un&#039;esperienza indimenticabile di autentica connessione e piacere consapevole. Lasciati guidare dalla mia passione e dalla mia competenza nel contatto.<\/p>\n<\/div>","protected":false},"featured_media":1731,"comment_status":"open","ping_status":"closed","template":"","meta":{"_glsr_average":0,"_glsr_ranking":0,"_glsr_reviews":0,"_joinchat":[]},"product_brand":[],"product_cat":[16],"product_tag":[57,61,63,68,53,114,59,54,67,52,116,58,64,62,113,66,55,60,56,115,65],"class_list":{"0":"post-2477","1":"product","2":"type-product","3":"status-publish","4":"has-post-thumbnail","6":"product_cat-massagem-tantrica","7":"product_tag-body-to-body-massage-portimao","8":"product_tag-massagem-a-dois-algarve","9":"product_tag-massagem-com-final-feliz-algarve","10":"product_tag-massagem-de-luxo-algarve","11":"product_tag-massagem-erotica","12":"product_tag-massagem-erotica-masculina","13":"product_tag-massagem-intima-portimao","14":"product_tag-massagem-sensual-algarve","15":"product_tag-massagem-tantra-portimao","16":"product_tag-massagem-tantrica","17":"product_tag-massagem-tantrica-com-homem","18":"product_tag-massagens-eroticas-algarve","19":"product_tag-massagens-profissionais-em-portimao","20":"product_tag-massagens-relaxantes-portimao","21":"product_tag-massagista-masculino","22":"product_tag-massagistas-brasileiras-no-algarve","23":"product_tag-massagistas-em-portimao","24":"product_tag-spa-com-massagistas-sensuais-algarve","25":"product_tag-tantra-algarve","26":"product_tag-terapeuta-tantrico-masculino","27":"product_tag-yoni-massage-portugal","28":"pa_altura-109","29":"pa_idade-108","30":"pa_peso-110","32":"first","33":"instock","34":"shipping-taxable","35":"product-type-simple"},"acf":[],"_links":{"self":[{"href":"https:\/\/www.essencetantric.pt\/it\/wp-json\/wp\/v2\/product\/2477","targetHints":{"allow":["GET"]}}],"collection":[{"href":"https:\/\/www.essencetantric.pt\/it\/wp-json\/wp\/v2\/product"}],"about":[{"href":"https:\/\/www.essencetantric.pt\/it\/wp-json\/wp\/v2\/types\/product"}],"replies":[{"embeddable":true,"href":"https:\/\/www.essencetantric.pt\/it\/wp-json\/wp\/v2\/comments?post=2477"}],"wp:featuredmedia":[{"embeddable":true,"href":"https:\/\/www.essencetantric.pt\/it\/wp-json\/wp\/v2\/media\/1731"}],"wp:attachment":[{"href":"https:\/\/www.essencetantric.pt\/it\/wp-json\/wp\/v2\/media?parent=2477"}],"wp:term":[{"taxonomy":"product_brand","embeddable":true,"href":"https:\/\/www.essencetantric.pt\/it\/wp-json\/wp\/v2\/product_brand?post=2477"},{"taxonomy":"product_cat","embeddable":true,"href":"https:\/\/www.essencetantric.pt\/it\/wp-json\/wp\/v2\/product_cat?post=2477"},{"taxonomy":"product_tag","embeddable":true,"href":"https:\/\/www.essencetantric.pt\/it\/wp-json\/wp\/v2\/product_tag?post=2477"}],"curies":[{"name":"wp","href":"https:\/\/api.w.org\/{rel}","templated":true}]}}