{"id":2277,"date":"2025-09-23T21:00:30","date_gmt":"2025-09-23T20:00:30","guid":{"rendered":"https:\/\/www.essencetantric.pt\/?post_type=product&#038;p=2277"},"modified":"2025-09-23T21:03:06","modified_gmt":"2025-09-23T20:03:06","slug":"alexa","status":"publish","type":"product","link":"https:\/\/www.essencetantric.pt\/it\/massagista\/alexa\/","title":{"rendered":"Alexa"},"content":{"rendered":"<p><!-- Texto em terceira pessoa (Essence Tantric apresentando) --><\/p>\n<div class=\"texto-terceira-pessoa\">\n<h4><strong>Alexa \u2013 sensualidade e energia em cada detalhe<\/strong><\/h4>\n<p>IL <strong>Essenza Tantrica<\/strong> Siamo lieti di presentare <strong>Alexa<\/strong>, uma terapeuta que irradia juventude e magnetismo. Aos 24 anos, com o seu <strong>cabelo loiro<\/strong> E <strong>olhos castanhos intensos<\/strong>, Alexa conquista desde o primeiro olhar e transforma cada sess\u00e3o num momento memor\u00e1vel.<\/p>\n<p>Com um toque firme e envolvente, Alexa combina t\u00e9cnica e sensualidade para proporcionar uma experi\u00eancia \u00fanica. A sua presen\u00e7a inspira confian\u00e7a e excita\u00e7\u00e3o, criando o ambiente perfeito para quem deseja relaxar, explorar e sentir novas formas de prazer.<\/p>\n<p>Com Alexa, poder\u00e1 desfrutar das nossas massagens exclusivas:<\/p>\n<ul>\n<li><a href=\"https:\/\/www.essencetantric.pt\/pt\/massagem-tantrica\/\" target=\"_blank\" rel=\"noopener\">Massaggio tantrico<\/a>Sblocca le tue energie e scopri il piacere consapevole.<\/li>\n<li><a href=\"https:\/\/www.essencetantric.pt\/pt\/massagem-body-to-body\/\" target=\"_blank\" rel=\"noopener\">Massaggio corpo a corpo<\/a>Connessione intensa attraverso il contatto fisico completo.<\/li>\n<li><a href=\"https:\/\/www.essencetantric.pt\/pt\/massagem-nuru\/\" target=\"_blank\" rel=\"noopener\">Massaggio Nuru<\/a>: un&#039;esperienza sfuggente e affascinante.<\/li>\n<li><a href=\"https:\/\/www.essencetantric.pt\/pt\/massagem-sensual\/\" target=\"_blank\" rel=\"noopener\">Massaggio sensuale<\/a>Un perfetto equilibrio tra erotismo e sensibilit\u00e0.<\/li>\n<li><a href=\"https:\/\/www.essencetantric.pt\/pt\/massagem-yoni\/\" target=\"_blank\" rel=\"noopener\">Massaggio Yoni<\/a>: dedicato al piacere e alla consapevolezza femminile.<\/li>\n<li><a href=\"https:\/\/www.essencetantric.pt\/pt\/massagem-lingam\/\" target=\"_blank\" rel=\"noopener\">Massaggio Lingam<\/a>Un profondo legame con l&#039;energia maschile.<\/li>\n<li><a href=\"https:\/\/www.essencetantric.pt\/pt\/massagem-para-casais\/\" target=\"_blank\" rel=\"noopener\">Massaggio di coppia<\/a>Condividete un momento intimo e sensuale in coppia.<\/li>\n<li><a href=\"https:\/\/www.essencetantric.pt\/pt\/massagem-de-relaxamento\/\" target=\"_blank\" rel=\"noopener\">Massaggio rilassante<\/a>Ideale per alleviare lo stress e rigenerare le energie.<\/li>\n<li><a href=\"https:\/\/www.essencetantric.pt\/pt\/massagem-desportiva\/\" target=\"_blank\" rel=\"noopener\">Massaggio sportivo<\/a>Ideale per rivitalizzare il corpo dopo uno sforzo fisico.<\/li>\n<\/ul>\n<p>Com Alexa, cada toque \u00e9 um convite ao prazer, cada olhar uma promessa de intensidade. Uma experi\u00eancia que ficar\u00e1 marcada na sua mem\u00f3ria.<\/p>\n<\/div>","protected":false},"excerpt":{"rendered":"<p><!-- Texto em primeira pessoa --><\/p>\n<div class=\"texto-primeira-pessoa\">\n<h4><strong>Descubra o prazer atrav\u00e9s do meu toque&#8230;<\/strong><\/h4>\n<p>Ol\u00e1, eu sou a <strong>Alexa<\/strong>. Io ho <strong>24 anos<\/strong>, <strong>1,60m<\/strong>, um corpo curvil\u00edneo com <strong>58 kg<\/strong>, olhos castanhos marcantes e cabelos loiros sedutores que caem suavemente sobre os meus ombros.<\/p>\n<p>Cada massagem que ofere\u00e7o \u00e9 um convite \u00e0 entrega e \u00e0 descoberta de novas sensa\u00e7\u00f5es. O meu toque desperta, envolve e conduz a momentos de prazer e relaxamento profundo, onde corpo e mente encontram equil\u00edbrio.<\/p>\n<p>Comigo, vai descobrir que uma massagem pode ser muito mais do que um simples momento de bem-estar \u2014 ser\u00e1 uma experi\u00eancia inesquec\u00edvel de intimidade e conex\u00e3o. Deixe-se levar pela minha energia e sensualidade natural.<\/p>\n<\/div>","protected":false},"featured_media":2279,"comment_status":"open","ping_status":"closed","template":"","meta":{"_glsr_average":0,"_glsr_ranking":0,"_glsr_reviews":0,"_joinchat":[]},"product_brand":[],"product_cat":[16],"product_tag":[57,61,63,68,53,59,54,67,52,58,64,62,66,55,60,56,65],"class_list":{"0":"post-2277","1":"product","2":"type-product","3":"status-publish","4":"has-post-thumbnail","6":"product_cat-massagem-tantrica","7":"product_tag-body-to-body-massage-portimao","8":"product_tag-massagem-a-dois-algarve","9":"product_tag-massagem-com-final-feliz-algarve","10":"product_tag-massagem-de-luxo-algarve","11":"product_tag-massagem-erotica","12":"product_tag-massagem-intima-portimao","13":"product_tag-massagem-sensual-algarve","14":"product_tag-massagem-tantra-portimao","15":"product_tag-massagem-tantrica","16":"product_tag-massagens-eroticas-algarve","17":"product_tag-massagens-profissionais-em-portimao","18":"product_tag-massagens-relaxantes-portimao","19":"product_tag-massagistas-brasileiras-no-algarve","20":"product_tag-massagistas-em-portimao","21":"product_tag-spa-com-massagistas-sensuais-algarve","22":"product_tag-tantra-algarve","23":"product_tag-yoni-massage-portugal","24":"pa_altura-32","25":"pa_idade-40","26":"pa_massagens-massagem-body-to-body","27":"pa_massagens-massagem-erotica","28":"pa_massagens-massagem-lingam","29":"pa_massagens-massagem-nuru","30":"pa_massagens-massagem-para-casais","31":"pa_massagens-massagem-relaxante","32":"pa_massagens-massagem-tantrica","33":"pa_massagens-massagem-yoni","34":"pa_peso-24","36":"first","37":"instock","38":"shipping-taxable","39":"product-type-simple"},"acf":[],"_links":{"self":[{"href":"https:\/\/www.essencetantric.pt\/it\/wp-json\/wp\/v2\/product\/2277","targetHints":{"allow":["GET"]}}],"collection":[{"href":"https:\/\/www.essencetantric.pt\/it\/wp-json\/wp\/v2\/product"}],"about":[{"href":"https:\/\/www.essencetantric.pt\/it\/wp-json\/wp\/v2\/types\/product"}],"replies":[{"embeddable":true,"href":"https:\/\/www.essencetantric.pt\/it\/wp-json\/wp\/v2\/comments?post=2277"}],"wp:featuredmedia":[{"embeddable":true,"href":"https:\/\/www.essencetantric.pt\/it\/wp-json\/wp\/v2\/media\/2279"}],"wp:attachment":[{"href":"https:\/\/www.essencetantric.pt\/it\/wp-json\/wp\/v2\/media?parent=2277"}],"wp:term":[{"taxonomy":"product_brand","embeddable":true,"href":"https:\/\/www.essencetantric.pt\/it\/wp-json\/wp\/v2\/product_brand?post=2277"},{"taxonomy":"product_cat","embeddable":true,"href":"https:\/\/www.essencetantric.pt\/it\/wp-json\/wp\/v2\/product_cat?post=2277"},{"taxonomy":"product_tag","embeddable":true,"href":"https:\/\/www.essencetantric.pt\/it\/wp-json\/wp\/v2\/product_tag?post=2277"}],"curies":[{"name":"wp","href":"https:\/\/api.w.org\/{rel}","templated":true}]}}