{"id":1881,"date":"2025-08-26T09:57:27","date_gmt":"2025-08-26T08:57:27","guid":{"rendered":"https:\/\/www.essencetantric.pt\/?post_type=product&#038;p=1881"},"modified":"2025-08-26T09:58:42","modified_gmt":"2025-08-26T08:58:42","slug":"minie","status":"publish","type":"product","link":"https:\/\/www.essencetantric.pt\/it\/massagista\/minie\/","title":{"rendered":"Minie"},"content":{"rendered":"<p><!-- Texto em terceira pessoa (Essence Tantric apresentando) --><\/p>\n<div class=\"texto-terceira-pessoa\">\n<h4><strong>Minie \u2013 dispon\u00edvel somente at\u00e9 sexta, 29\/08\/2025!<\/strong><\/h4>\n<p>IL <strong>Essenza Tantrica<\/strong> apresenta <strong>Minie<\/strong>, uma terapeuta sensual e apaixonante, especialista em despertar os sentidos atrav\u00e9s de t\u00e9cnicas \u00fanicas e um toque cheio de envolv\u00eancia. A sua presen\u00e7a transforma qualquer momento num verdadeiro ritual de prazer e relaxamento.<\/p>\n<p>O que torna esta experi\u00eancia ainda mais exclusiva? Minie estar\u00e1 dispon\u00edvel apenas at\u00e9 <strong>sexta-feira, 29 de agosto de 2025<\/strong>. Cada sess\u00e3o \u00e9 personalizada para oferecer intimidade, bem-estar e uma entrega que ficar\u00e1 na mem\u00f3ria.<\/p>\n<p>Com Minie, poder\u00e1 desfrutar das nossas massagens premium, incluindo:<\/p>\n<ul>\n<li><a href=\"https:\/\/www.essencetantric.pt\/pt\/massagem-tantrica\/\" target=\"_blank\" rel=\"noopener\">Massaggio tantrico<\/a> \u2013 sbloccare le energie e scoprire il piacere consapevole.<\/li>\n<li><a href=\"https:\/\/www.essencetantric.pt\/pt\/massagem-body-to-body\/\" target=\"_blank\" rel=\"noopener\">Massaggio corpo a corpo<\/a> \u2013 connessione intensa attraverso il contatto con tutto il corpo.<\/li>\n<li><a href=\"https:\/\/www.essencetantric.pt\/pt\/massagem-nuru\/\" target=\"_blank\" rel=\"noopener\">Massaggio Nuru<\/a> \u2013 un tocco scorrevole per sensazioni ineguagliabili.<\/li>\n<li><a href=\"https:\/\/www.essencetantric.pt\/pt\/massagem-sensual\/\" target=\"_blank\" rel=\"noopener\">Massaggio sensuale<\/a> \u2013 perfetto equilibrio tra erotismo e relax.<\/li>\n<li><a href=\"https:\/\/www.essencetantric.pt\/pt\/massagem-yoni\/\" target=\"_blank\" rel=\"noopener\">Massaggio Yoni<\/a> \u2013 piacere dedicato all\u2019universo femminile.<\/li>\n<li><a href=\"https:\/\/www.essencetantric.pt\/pt\/massagem-lingam\/\" target=\"_blank\" rel=\"noopener\">Massaggio Lingam<\/a> \u2013 connessione e abbandono all\u2019energia maschile.<\/li>\n<li><a href=\"https:\/\/www.essencetantric.pt\/pt\/massagem-para-casais\/\" target=\"_blank\" rel=\"noopener\">Massaggio di coppia<\/a> \u2013 condividere un momento intimo insieme.<\/li>\n<li><a href=\"https:\/\/www.essencetantric.pt\/pt\/massagem-de-relaxamento\/\" target=\"_blank\" rel=\"noopener\">Massaggio rilassante<\/a> \u2013 equilibrio per corpo e mente.<\/li>\n<li><a href=\"https:\/\/www.essencetantric.pt\/pt\/massagem-desportiva\/\" target=\"_blank\" rel=\"noopener\">Massaggio sportivo<\/a> \u2013 perfetto per il recupero e la vitalit\u00e0.<\/li>\n<\/ul>\n<p>N\u00e3o deixe para depois\u2026 Viva esta experi\u00eancia com Minie antes que seja tarde demais!<\/p>\n<\/div>","protected":false},"excerpt":{"rendered":"<p><!-- Texto em primeira pessoa --><\/p>\n<div class=\"texto-primeira-pessoa\">\n<h4><strong>Dispon\u00edvel apenas at\u00e9 sexta-feira, 29\/08\/2025!<\/strong><\/h4>\n<p>Ol\u00e1, eu sou a <strong>Minie<\/strong>\u2026 Uma mulher que sabe como transformar um simples momento em algo inesquec\u00edvel. Com a minha energia envolvente e um toque carregado de sensualidade, cada segundo ao meu lado ser\u00e1 uma experi\u00eancia \u00fanica de prazer e conex\u00e3o.<\/p>\n<p>Gosto de criar um ambiente onde os sentidos s\u00e3o despertados e a mente se liberta, conduzindo-o(a) a um estado profundo de relaxamento e excita\u00e7\u00e3o. Se procura algo mais do que uma simples massagem, est\u00e1 no lugar certo.<\/p>\n<p>Mas aten\u00e7\u00e3o: estarei dispon\u00edvel apenas at\u00e9 <strong>sexta-feira, dia 29 de agosto de 2025<\/strong>. N\u00e3o deixe escapar a oportunidade de viver este encontro exclusivo.<\/p>\n<\/div>","protected":false},"featured_media":1893,"comment_status":"open","ping_status":"closed","template":"","meta":{"_glsr_average":0,"_glsr_ranking":0,"_glsr_reviews":0,"_joinchat":[]},"product_brand":[],"product_cat":[16],"product_tag":[57,61,63,68,53,59,54,67,52,58,64,62,66,55,60,56,65],"class_list":{"0":"post-1881","1":"product","2":"type-product","3":"status-publish","4":"has-post-thumbnail","6":"product_cat-massagem-tantrica","7":"product_tag-body-to-body-massage-portimao","8":"product_tag-massagem-a-dois-algarve","9":"product_tag-massagem-com-final-feliz-algarve","10":"product_tag-massagem-de-luxo-algarve","11":"product_tag-massagem-erotica","12":"product_tag-massagem-intima-portimao","13":"product_tag-massagem-sensual-algarve","14":"product_tag-massagem-tantra-portimao","15":"product_tag-massagem-tantrica","16":"product_tag-massagens-eroticas-algarve","17":"product_tag-massagens-profissionais-em-portimao","18":"product_tag-massagens-relaxantes-portimao","19":"product_tag-massagistas-brasileiras-no-algarve","20":"product_tag-massagistas-em-portimao","21":"product_tag-spa-com-massagistas-sensuais-algarve","22":"product_tag-tantra-algarve","23":"product_tag-yoni-massage-portugal","25":"first","26":"instock","27":"shipping-taxable","28":"product-type-simple"},"acf":[],"_links":{"self":[{"href":"https:\/\/www.essencetantric.pt\/it\/wp-json\/wp\/v2\/product\/1881","targetHints":{"allow":["GET"]}}],"collection":[{"href":"https:\/\/www.essencetantric.pt\/it\/wp-json\/wp\/v2\/product"}],"about":[{"href":"https:\/\/www.essencetantric.pt\/it\/wp-json\/wp\/v2\/types\/product"}],"replies":[{"embeddable":true,"href":"https:\/\/www.essencetantric.pt\/it\/wp-json\/wp\/v2\/comments?post=1881"}],"wp:featuredmedia":[{"embeddable":true,"href":"https:\/\/www.essencetantric.pt\/it\/wp-json\/wp\/v2\/media\/1893"}],"wp:attachment":[{"href":"https:\/\/www.essencetantric.pt\/it\/wp-json\/wp\/v2\/media?parent=1881"}],"wp:term":[{"taxonomy":"product_brand","embeddable":true,"href":"https:\/\/www.essencetantric.pt\/it\/wp-json\/wp\/v2\/product_brand?post=1881"},{"taxonomy":"product_cat","embeddable":true,"href":"https:\/\/www.essencetantric.pt\/it\/wp-json\/wp\/v2\/product_cat?post=1881"},{"taxonomy":"product_tag","embeddable":true,"href":"https:\/\/www.essencetantric.pt\/it\/wp-json\/wp\/v2\/product_tag?post=1881"}],"curies":[{"name":"wp","href":"https:\/\/api.w.org\/{rel}","templated":true}]}}