{"id":1871,"date":"2025-08-26T09:55:06","date_gmt":"2025-08-26T08:55:06","guid":{"rendered":"https:\/\/www.essencetantric.pt\/?post_type=product&#038;p=1871"},"modified":"2025-08-26T09:55:06","modified_gmt":"2025-08-26T08:55:06","slug":"liz","status":"publish","type":"product","link":"https:\/\/www.essencetantric.pt\/it\/massagista\/liz\/","title":{"rendered":"Liz"},"content":{"rendered":"<p><!-- Texto em terceira pessoa (Essence Tantric apresentando) --><\/p>\n<div class=\"texto-terceira-pessoa\">\n<h4><strong>Liz \u2013 dispon\u00edvel somente at\u00e9 sexta-feira!<\/strong><\/h4>\n<p>IL <strong>Essenza Tantrica<\/strong> apresenta <strong>Liz<\/strong>, uma massagista que exala sensualidade e sofistica\u00e7\u00e3o. Com um toque envolvente e uma energia magn\u00e9tica, Liz transforma cada sess\u00e3o numa experi\u00eancia memor\u00e1vel, onde prazer e relaxamento caminham lado a lado.<\/p>\n<p>O que torna esta oportunidade ainda mais especial? Liz estar\u00e1 dispon\u00edvel apenas at\u00e9 <strong>esta sexta-feira<\/strong>. Cada momento com ela \u00e9 pensado para oferecer intimidade, intensidade e conex\u00e3o.<\/p>\n<p>Com Liz, poder\u00e1 desfrutar das nossas massagens exclusivas:<\/p>\n<ul>\n<li><a href=\"https:\/\/www.essencetantric.pt\/pt\/massagem-tantrica\/\" target=\"_blank\" rel=\"noopener\">Massaggio tantrico<\/a>: per sbloccare le energie e riscoprire il piacere della presenza.<\/li>\n<li><a href=\"https:\/\/www.essencetantric.pt\/pt\/massagem-body-to-body\/\" target=\"_blank\" rel=\"noopener\">Massaggio corpo a corpo<\/a>: connessione intensa attraverso il contatto fisico completo.<\/li>\n<li><a href=\"https:\/\/www.essencetantric.pt\/pt\/massagem-nuru\/\" target=\"_blank\" rel=\"noopener\">Massaggio Nuru<\/a>: tocco scivoloso e avvolgente con totale resa.<\/li>\n<li><a href=\"https:\/\/www.essencetantric.pt\/pt\/massagem-sensual\/\" target=\"_blank\" rel=\"noopener\">Massaggio sensuale<\/a>: equilibrio tra erotismo e sensibilit\u00e0.<\/li>\n<li><a href=\"https:\/\/www.essencetantric.pt\/pt\/massagem-yoni\/\" target=\"_blank\" rel=\"noopener\">Massaggio Yoni<\/a>: dedicato all\u2019universo femminile e al piacere consapevole.<\/li>\n<li><a href=\"https:\/\/www.essencetantric.pt\/pt\/massagem-lingam\/\" target=\"_blank\" rel=\"noopener\">Massaggio Lingam<\/a>: per chi desidera esplorare l&#039;energia sessuale maschile con rispetto e attenzione.<\/li>\n<li><a href=\"https:\/\/www.essencetantric.pt\/pt\/massagem-para-casais\/\" target=\"_blank\" rel=\"noopener\">Massaggio di coppia<\/a>: condividere un&#039;esperienza intima e sensoriale in coppia.<\/li>\n<li><a href=\"https:\/\/www.essencetantric.pt\/pt\/massagem-de-relaxamento\/\" target=\"_blank\" rel=\"noopener\">Massaggio rilassante<\/a>: perfetto per alleviare lo stress e ritrovare la tranquillit\u00e0.<\/li>\n<li><a href=\"https:\/\/www.essencetantric.pt\/pt\/massagem-desportiva\/\" target=\"_blank\" rel=\"noopener\">Massaggio sportivo<\/a>: consigliato per la cura del corpo dopo l&#039;attivit\u00e0 fisica.<\/li>\n<\/ul>\n<p>Aproveite enquanto pode: viva esta experi\u00eancia \u00fanica com Liz antes que seja tarde demais.<\/p>\n<\/div>","protected":false},"excerpt":{"rendered":"<p><!-- Texto em primeira pessoa --><\/p>\n<div class=\"texto-primeira-pessoa\">\n<h4><strong>Dispon\u00edvel apenas at\u00e9 esta sexta-feira (29\/08\/2025)!<\/strong><\/h4>\n<p>Ol\u00e1, eu sou a <strong>Liz<\/strong>\u2026 Uma mulher envolvente e cheia de mist\u00e9rio, pronta para transformar os seus dias em momentos inesquec\u00edveis. A minha presen\u00e7a \u00e9 marcante, o meu toque \u00e9 delicado e intenso, pensado para despertar sensa\u00e7\u00f5es \u00fanicas e conduzi-lo(a) a um estado profundo de prazer e relaxamento.<\/p>\n<p>N\u00e3o perca a oportunidade de viver esta experi\u00eancia comigo. Estarei dispon\u00edvel apenas at\u00e9 <strong>sexta-feira<\/strong>, e cada instante ao meu lado ser\u00e1 dedicado a proporcionar-lhe uma massagem que ficar\u00e1 gravada na sua mem\u00f3ria.<\/p>\n<p>Deixe-se levar pelo meu toque e descubra o que significa prazer com presen\u00e7a e intensidade. Estou \u00e0 sua espera para um momento \u00fanico.<\/p>\n<\/div>","protected":false},"featured_media":1880,"comment_status":"open","ping_status":"closed","template":"","meta":{"_glsr_average":0,"_glsr_ranking":0,"_glsr_reviews":0,"_joinchat":[]},"product_brand":[],"product_cat":[16],"product_tag":[57,61,63,68,53,59,54,67,52,58,64,62,66,55,60,56,65],"class_list":{"0":"post-1871","1":"product","2":"type-product","3":"status-publish","4":"has-post-thumbnail","6":"product_cat-massagem-tantrica","7":"product_tag-body-to-body-massage-portimao","8":"product_tag-massagem-a-dois-algarve","9":"product_tag-massagem-com-final-feliz-algarve","10":"product_tag-massagem-de-luxo-algarve","11":"product_tag-massagem-erotica","12":"product_tag-massagem-intima-portimao","13":"product_tag-massagem-sensual-algarve","14":"product_tag-massagem-tantra-portimao","15":"product_tag-massagem-tantrica","16":"product_tag-massagens-eroticas-algarve","17":"product_tag-massagens-profissionais-em-portimao","18":"product_tag-massagens-relaxantes-portimao","19":"product_tag-massagistas-brasileiras-no-algarve","20":"product_tag-massagistas-em-portimao","21":"product_tag-spa-com-massagistas-sensuais-algarve","22":"product_tag-tantra-algarve","23":"product_tag-yoni-massage-portugal","25":"first","26":"instock","27":"shipping-taxable","28":"product-type-simple"},"acf":[],"_links":{"self":[{"href":"https:\/\/www.essencetantric.pt\/it\/wp-json\/wp\/v2\/product\/1871","targetHints":{"allow":["GET"]}}],"collection":[{"href":"https:\/\/www.essencetantric.pt\/it\/wp-json\/wp\/v2\/product"}],"about":[{"href":"https:\/\/www.essencetantric.pt\/it\/wp-json\/wp\/v2\/types\/product"}],"replies":[{"embeddable":true,"href":"https:\/\/www.essencetantric.pt\/it\/wp-json\/wp\/v2\/comments?post=1871"}],"wp:featuredmedia":[{"embeddable":true,"href":"https:\/\/www.essencetantric.pt\/it\/wp-json\/wp\/v2\/media\/1880"}],"wp:attachment":[{"href":"https:\/\/www.essencetantric.pt\/it\/wp-json\/wp\/v2\/media?parent=1871"}],"wp:term":[{"taxonomy":"product_brand","embeddable":true,"href":"https:\/\/www.essencetantric.pt\/it\/wp-json\/wp\/v2\/product_brand?post=1871"},{"taxonomy":"product_cat","embeddable":true,"href":"https:\/\/www.essencetantric.pt\/it\/wp-json\/wp\/v2\/product_cat?post=1871"},{"taxonomy":"product_tag","embeddable":true,"href":"https:\/\/www.essencetantric.pt\/it\/wp-json\/wp\/v2\/product_tag?post=1871"}],"curies":[{"name":"wp","href":"https:\/\/api.w.org\/{rel}","templated":true}]}}