{"id":1677,"date":"2025-07-23T21:56:06","date_gmt":"2025-07-23T20:56:06","guid":{"rendered":"https:\/\/www.essencetantric.pt\/?post_type=product&#038;p=1677"},"modified":"2026-04-24T19:35:32","modified_gmt":"2026-04-24T18:35:32","slug":"kiara","status":"publish","type":"product","link":"https:\/\/www.essencetantric.pt\/it\/massagista\/kiara\/","title":{"rendered":"Kiara"},"content":{"rendered":"<div class=\"texto-principal\">\n<p>Kiara \u00e8 una massaggiatrice brasiliana di 28 anni, alta 1,80 m e con un corpo snello che coniuga eleganza e sensualit\u00e0. Con i capelli biondi e gli occhi castano scuro, la sua presenza \u00e8 sorprendente e il suo tocco \u00e8 al tempo stesso delicato e profondo.<\/p>\n<p>Nell&#039;ambiente accogliente di Essence Tantric, Kiara offre esperienze uniche attraverso <a href=\"https:\/\/www.essencetantric.pt\/pt\/massagem-tantrica\/\">Massaggio tantrico<\/a>, guidando il cliente attraverso un percorso di conoscenza di s\u00e9 e di piacere consapevole.<\/p>\n<p>Il tuo <a href=\"https:\/\/www.essencetantric.pt\/pt\/massagem-body-to-body\/\">Massaggio corpo a corpo<\/a> viene eseguito con sensualit\u00e0 e leggerezza, offrendo un&#039;intensa connessione con il corpo. Per chi desidera un&#039;esperienza ancora pi\u00f9 immersiva, Kiara offre <a href=\"https:\/\/www.essencetantric.pt\/pt\/massagem-nuru\/\">Massaggio Nuru<\/a>, con un tocco scorrevole e stimolante.<\/p>\n<p>Con profondo rispetto e attenzione, svolge anche la <a href=\"https:\/\/www.essencetantric.pt\/pt\/massagem-lingam\/\">Massaggio Lingam<\/a>, consigliato a chi desidera risvegliare ed espandere consapevolmente la propria energia sessuale.<\/p>\n<p>Inoltre, Kiara \u00e8 disponibile per le sessioni <a href=\"https:\/\/www.essencetantric.pt\/pt\/massagem-sensual\/\">Massaggio sensuale<\/a>, <a href=\"https:\/\/www.essencetantric.pt\/pt\/massagem-de-relaxamento\/\">Massaggio rilassante<\/a> E <a href=\"https:\/\/www.essencetantric.pt\/pt\/massagem-desportiva\/\">Massaggio sportivo<\/a>, adattando ogni sessione al profilo e alle esigenze del cliente.<\/p>\n<\/div>","protected":false},"excerpt":{"rendered":"<div class=\"texto-convidativo\">\n<p>Ciao, sono Kiara, una massaggiatrice appassionata dell&#039;arte del tatto e che offre esperienze sensoriali che risvegliano il corpo, la mente e l&#039;anima.<\/p>\n<p>Ti invito a vivere con me un <a href=\"https:\/\/www.essencetantric.pt\/pt\/massagem-tantrica\/\">Massaggio tantrico<\/a> trasformativo, o se preferisci, un <a href=\"https:\/\/www.essencetantric.pt\/pt\/massagem-body-to-body\/\">Massaggio corpo a corpo<\/a> che va oltre la pelle, portandoti al piacere della piena presenza.<\/p>\n<p>Se stai cercando qualcosa di ancora pi\u00f9 intenso, <a href=\"https:\/\/www.essencetantric.pt\/pt\/massagem-nuru\/\">Massaggio Nuru<\/a> e il <a href=\"https:\/\/www.essencetantric.pt\/pt\/massagem-lingam\/\">Massaggio Lingam<\/a> sono perfetti per entrare in profonda connessione con la tua energia vitale.<\/p>\n<p>Sono pronta ad accogliervi con affetto, rispetto e dedizione qui a Essence T\u00e2ntric. Venite a vivere questo momento con me.<\/p>\n<\/div>","protected":false},"featured_media":2469,"comment_status":"closed","ping_status":"closed","template":"","meta":{"_glsr_average":0,"_glsr_ranking":0,"_glsr_reviews":0,"_joinchat":[]},"product_brand":[],"product_cat":[16],"product_tag":[57,61,63,68,53,59,54,67,52,58,64,62,66,55,60,56,65],"class_list":{"0":"post-1677","1":"product","2":"type-product","3":"status-publish","4":"has-post-thumbnail","6":"product_cat-massagem-tantrica","7":"product_tag-body-to-body-massage-portimao","8":"product_tag-massagem-a-dois-algarve","9":"product_tag-massagem-com-final-feliz-algarve","10":"product_tag-massagem-de-luxo-algarve","11":"product_tag-massagem-erotica","12":"product_tag-massagem-intima-portimao","13":"product_tag-massagem-sensual-algarve","14":"product_tag-massagem-tantra-portimao","15":"product_tag-massagem-tantrica","16":"product_tag-massagens-eroticas-algarve","17":"product_tag-massagens-profissionais-em-portimao","18":"product_tag-massagens-relaxantes-portimao","19":"product_tag-massagistas-brasileiras-no-algarve","20":"product_tag-massagistas-em-portimao","21":"product_tag-spa-com-massagistas-sensuais-algarve","22":"product_tag-tantra-algarve","23":"product_tag-yoni-massage-portugal","25":"first","26":"instock","27":"shipping-taxable","28":"product-type-simple"},"acf":[],"_links":{"self":[{"href":"https:\/\/www.essencetantric.pt\/it\/wp-json\/wp\/v2\/product\/1677","targetHints":{"allow":["GET"]}}],"collection":[{"href":"https:\/\/www.essencetantric.pt\/it\/wp-json\/wp\/v2\/product"}],"about":[{"href":"https:\/\/www.essencetantric.pt\/it\/wp-json\/wp\/v2\/types\/product"}],"replies":[{"embeddable":true,"href":"https:\/\/www.essencetantric.pt\/it\/wp-json\/wp\/v2\/comments?post=1677"}],"wp:featuredmedia":[{"embeddable":true,"href":"https:\/\/www.essencetantric.pt\/it\/wp-json\/wp\/v2\/media\/2469"}],"wp:attachment":[{"href":"https:\/\/www.essencetantric.pt\/it\/wp-json\/wp\/v2\/media?parent=1677"}],"wp:term":[{"taxonomy":"product_brand","embeddable":true,"href":"https:\/\/www.essencetantric.pt\/it\/wp-json\/wp\/v2\/product_brand?post=1677"},{"taxonomy":"product_cat","embeddable":true,"href":"https:\/\/www.essencetantric.pt\/it\/wp-json\/wp\/v2\/product_cat?post=1677"},{"taxonomy":"product_tag","embeddable":true,"href":"https:\/\/www.essencetantric.pt\/it\/wp-json\/wp\/v2\/product_tag?post=1677"}],"curies":[{"name":"wp","href":"https:\/\/api.w.org\/{rel}","templated":true}]}}