{"id":1487,"date":"2025-05-28T21:09:02","date_gmt":"2025-05-28T20:09:02","guid":{"rendered":"https:\/\/www.essencetantric.pt\/?post_type=product&#038;p=1487"},"modified":"2026-04-16T12:08:24","modified_gmt":"2026-04-16T11:08:24","slug":"jose-coutinho","status":"publish","type":"product","link":"https:\/\/www.essencetantric.pt\/it\/massagista\/jose-coutinho\/","title":{"rendered":"Jos\u00e9 Coutinho"},"content":{"rendered":"","protected":false},"excerpt":{"rendered":"<h2>Jos\u00e9 Coutinho \u2013 29 anni, Massaggiatore<\/h2>\n<p>Con <strong>1,83 m di altezza<\/strong>, <strong>80 kg<\/strong> e una presenza che trasuda sicurezza, serenit\u00e0 e sensualit\u00e0, Jos\u00e9 \u00e8 un massaggiatore che si dedica a regalare momenti di benessere, piacere e profonda connessione.<\/p>\n<p>Formato e certificato in varie tecniche, il suo tocco unisce precisione, sensibilit\u00e0 e intensit\u00e0. Abbandonati al relax assoluto con un <a href=\"https:\/\/www.essencetantric.pt\/massagem-de-relaxamento\/\" target=\"_blank\" rel=\"noopener\">Massaggio rilassante<\/a>, allevia la tensione con la potente tecnica di <a href=\"https:\/\/www.essencetantric.pt\/\" target=\"_blank\" rel=\"noopener\">Shiatsu<\/a> o prenditi cura del tuo corpo con un <a href=\"https:\/\/www.essencetantric.pt\/\" target=\"_blank\" rel=\"noopener\">Massaggio sportivo<\/a> fatto su misura.<\/p>\n<p>Per esperienze che trascendono il fisico, permettiti di sperimentare il pieno potere di <a href=\"https:\/\/www.essencetantric.pt\/pt\/massagem-tantrica\/\" target=\"_blank\" rel=\"noopener\">Massaggio tantrico<\/a>, esplora il tocco intenso e avvolgente di <a href=\"https:\/\/www.essencetantric.pt\/massagem-nuru\/\" target=\"_blank\" rel=\"noopener\">Massaggio tantrico Nuru<\/a> o arrendersi al piacere profondo e sensoriale di <a href=\"https:\/\/www.essencetantric.pt\/massagem-lingam\/\" target=\"_blank\" rel=\"noopener\">Massaggio Lingam<\/a>.<\/p>\n<p>Serve con totale professionalit\u00e0 <strong>uomini, donne e coppie<\/strong>, regalando un momento unico di conoscenza di s\u00e9, piacere e benessere.<\/p>\n<p><strong>Jos\u00e9 ti aspetta a Portim\u00e3o, pronto a farti vivere un&#039;esperienza trasformativa e indimenticabile.<\/strong><\/p>","protected":false},"featured_media":1489,"comment_status":"open","ping_status":"closed","template":"","meta":{"_glsr_average":0,"_glsr_ranking":0,"_glsr_reviews":0,"_joinchat":[]},"product_brand":[],"product_cat":[16],"product_tag":[57,61,63,68,53,114,59,54,67,52,116,58,64,62,113,66,55,60,56,115,65],"class_list":{"0":"post-1487","1":"product","2":"type-product","3":"status-publish","4":"has-post-thumbnail","6":"product_cat-massagem-tantrica","7":"product_tag-body-to-body-massage-portimao","8":"product_tag-massagem-a-dois-algarve","9":"product_tag-massagem-com-final-feliz-algarve","10":"product_tag-massagem-de-luxo-algarve","11":"product_tag-massagem-erotica","12":"product_tag-massagem-erotica-masculina","13":"product_tag-massagem-intima-portimao","14":"product_tag-massagem-sensual-algarve","15":"product_tag-massagem-tantra-portimao","16":"product_tag-massagem-tantrica","17":"product_tag-massagem-tantrica-com-homem","18":"product_tag-massagens-eroticas-algarve","19":"product_tag-massagens-profissionais-em-portimao","20":"product_tag-massagens-relaxantes-portimao","21":"product_tag-massagista-masculino","22":"product_tag-massagistas-brasileiras-no-algarve","23":"product_tag-massagistas-em-portimao","24":"product_tag-spa-com-massagistas-sensuais-algarve","25":"product_tag-tantra-algarve","26":"product_tag-terapeuta-tantrico-masculino","27":"product_tag-yoni-massage-portugal","28":"pa_altura-91","29":"pa_idade-90","30":"pa_peso-80kg","32":"first","33":"instock","34":"shipping-taxable","35":"product-type-simple"},"acf":[],"_links":{"self":[{"href":"https:\/\/www.essencetantric.pt\/it\/wp-json\/wp\/v2\/product\/1487","targetHints":{"allow":["GET"]}}],"collection":[{"href":"https:\/\/www.essencetantric.pt\/it\/wp-json\/wp\/v2\/product"}],"about":[{"href":"https:\/\/www.essencetantric.pt\/it\/wp-json\/wp\/v2\/types\/product"}],"replies":[{"embeddable":true,"href":"https:\/\/www.essencetantric.pt\/it\/wp-json\/wp\/v2\/comments?post=1487"}],"wp:featuredmedia":[{"embeddable":true,"href":"https:\/\/www.essencetantric.pt\/it\/wp-json\/wp\/v2\/media\/1489"}],"wp:attachment":[{"href":"https:\/\/www.essencetantric.pt\/it\/wp-json\/wp\/v2\/media?parent=1487"}],"wp:term":[{"taxonomy":"product_brand","embeddable":true,"href":"https:\/\/www.essencetantric.pt\/it\/wp-json\/wp\/v2\/product_brand?post=1487"},{"taxonomy":"product_cat","embeddable":true,"href":"https:\/\/www.essencetantric.pt\/it\/wp-json\/wp\/v2\/product_cat?post=1487"},{"taxonomy":"product_tag","embeddable":true,"href":"https:\/\/www.essencetantric.pt\/it\/wp-json\/wp\/v2\/product_tag?post=1487"}],"curies":[{"name":"wp","href":"https:\/\/api.w.org\/{rel}","templated":true}]}}