{"id":4128,"date":"2026-03-04T17:57:15","date_gmt":"2026-03-04T17:57:15","guid":{"rendered":"https:\/\/www.essencetantric.pt\/?post_type=product&#038;p=4128"},"modified":"2026-04-16T12:06:31","modified_gmt":"2026-04-16T11:06:31","slug":"luana","status":"publish","type":"product","link":"https:\/\/www.essencetantric.pt\/fr\/massagista\/luana\/","title":{"rendered":"Luana"},"content":{"rendered":"<aside class=\"therapist-third-person\">\n<h2 class=\"profile-title\">Apprenez \u00e0 conna\u00eetre <span class=\"profile-name\">Luana<\/span><\/h2>\n<p class=\"profile-desc\">Avec <strong>27 ans<\/strong>, <strong>1,68 m<\/strong> taille et <strong>60 kg<\/strong>, <strong>Luana<\/strong> Elle se distingue par sa pr\u00e9sence assur\u00e9e et naturellement captivante. Son \u00e9nergie est sereine, f\u00e9minine et intense, juste ce qu&#039;il faut.<\/p>\n<p class=\"profile-details\">Le v\u00f4tre <strong>yeux bruns<\/strong> Ils d\u00e9gagent fermet\u00e9 et chaleur, tandis que leurs <strong>cheveux tress\u00e9s<\/strong> Cela met en lumi\u00e8re sa personnalit\u00e9 saisissante et authentique. Luana se d\u00e9place avec \u00e9l\u00e9gance et assurance\u00a0; chaque geste r\u00e9v\u00e8le confiance et une sensualit\u00e9 subtile.<\/p>\n<p class=\"profile-details\">Dans le <strong>Essence Tantrique<\/strong>, Luana propose des exp\u00e9riences sensorielles profondes et personnalis\u00e9es. <a href=\"https:\/\/www.essencetantric.pt\/pt\/massagem-tantrica\/\" target=\"_blank\" rel=\"noopener\">Massage tantrique<\/a>, Elle guide l&#039;\u00e9veil de l&#039;\u00e9nergie avec une intensit\u00e9 contr\u00f4l\u00e9e et une connexion authentique. <a href=\"https:\/\/www.essencetantric.pt\/pt\/massagem-body-to-body\/\" target=\"_blank\" rel=\"noopener\">Massage corps \u00e0 corps<\/a>, transforme le contact en un flux engageant et m\u00e9morable.<\/p>\n<p class=\"profile-details\">Avec le <a href=\"https:\/\/www.essencetantric.pt\/pt\/massagem-nuru\/\" target=\"_blank\" rel=\"noopener\">Massage Nuru<\/a>, Elle cr\u00e9e une exp\u00e9rience immersive o\u00f9 le glissement doux et ferme \u00e9veille tous les sens. Son toucher est pr\u00e9cis, attentif et con\u00e7u pour procurer une relaxation profonde associ\u00e9e \u00e0 des sensations intenses.<\/p>\n<p class=\"profile-details\">Luana est convaincue que le v\u00e9ritable plaisir na\u00eet du l\u00e2cher-prise et de l&#039;authenticit\u00e9. C&#039;est pourquoi chaque s\u00e9ance est v\u00e9cue en pleine pr\u00e9sence, cr\u00e9ant ainsi un environnement s\u00fbr, stimulant et inoubliable.<\/p>\n<p class=\"profile-cta\">Avec Luana, chaque instant est intense, authentique et m\u00e9morable.<\/p>\n<h3>Massages disponibles avec Luana<\/h3>\n<ul class=\"massage-list\">\n<li><a href=\"https:\/\/www.essencetantric.pt\/pt\/massagem-tantrica\/\" target=\"_blank\" rel=\"noopener\">Massage tantrique<\/a><\/li>\n<li><a href=\"https:\/\/www.essencetantric.pt\/pt\/massagem-body-to-body\/\" target=\"_blank\" rel=\"noopener\">Massage corps \u00e0 corps<\/a><\/li>\n<li><a href=\"https:\/\/www.essencetantric.pt\/pt\/massagem-nuru\/\" target=\"_blank\" rel=\"noopener\">Massage Nuru<\/a><\/li>\n<li><a href=\"https:\/\/www.essencetantric.pt\/pt\/massagem-sensual\/\" target=\"_blank\" rel=\"noopener\">Massage sensuel<\/a><\/li>\n<li><a href=\"https:\/\/www.essencetantric.pt\/pt\/massagem-yoni\/\" target=\"_blank\" rel=\"noopener\">Massage du Yoni<\/a><\/li>\n<li><a href=\"https:\/\/www.essencetantric.pt\/pt\/massagem-lingam\/\" target=\"_blank\" rel=\"noopener\">Massage Lingam<\/a><\/li>\n<li><a href=\"https:\/\/www.essencetantric.pt\/pt\/massagem-para-casais\/\" target=\"_blank\" rel=\"noopener\">Massage en couple<\/a><\/li>\n<li><a href=\"https:\/\/www.essencetantric.pt\/pt\/massagem-de-relaxamento\/\" target=\"_blank\" rel=\"noopener\">Massage de relaxation<\/a><\/li>\n<li><a href=\"https:\/\/www.essencetantric.pt\/pt\/massagem-desportiva\/\" target=\"_blank\" rel=\"noopener\">Massage sportif<\/a><\/li>\n<\/ul>\n<\/aside>","protected":false},"excerpt":{"rendered":"<article class=\"therapist-first-person\">\n<h1 class=\"therapist-name\">Luana<\/h1>\n<p class=\"intro\">Bonjour, je suis <strong>Luana<\/strong>. J&#039;ai <strong>27 ans<\/strong>, Je mesure <strong>1,68 m<\/strong> et poids <strong>60 kg<\/strong>. Je crois que la confiance et l&#039;engagement sont les fondements d&#039;une exp\u00e9rience v\u00e9ritablement enrichissante.<\/p>\n<p class=\"body\">Mon <strong>yeux bruns<\/strong> Elles refl\u00e8tent mon intensit\u00e9 et mon <strong>cheveux tress\u00e9s<\/strong> Cela fait partie int\u00e9grante de mon identit\u00e9 forte et authentique. J&#039;aime \u00eatre pleinement pr\u00e9sente dans les moindres d\u00e9tails et ressentir l&#039;\u00e9nergie de l&#039;instant.<\/p>\n<p class=\"body\">Lors de mes s\u00e9ances, j&#039;allie fermet\u00e9 et douceur. \u00c0 travers le <a href=\"https:\/\/www.essencetantric.pt\/pt\/massagem-tantrica\/\" target=\"_blank\" rel=\"noopener\">Massage tantrique<\/a>, de la proximit\u00e9 de <a href=\"https:\/\/www.essencetantric.pt\/pt\/massagem-body-to-body\/\" target=\"_blank\" rel=\"noopener\">Massage corps \u00e0 corps<\/a> ou l&#039;intensit\u00e9 environnante de <a href=\"https:\/\/www.essencetantric.pt\/pt\/massagem-nuru\/\" target=\"_blank\" rel=\"noopener\">Massage Nuru<\/a>, Chaque instant est v\u00e9cu avec confiance et intention.<\/p>\n<p class=\"body\">J&#039;aime cr\u00e9er un environnement o\u00f9 je peux me d\u00e9tendre, me d\u00e9connecter du monde ext\u00e9rieur et me permettre de ressentir pleinement mes \u00e9motions.<\/p>\n<p class=\"closing\">Si vous recherchez une exp\u00e9rience intense, s\u00fbre et m\u00e9morable, nous serons ravis de vous accueillir.<\/p>\n<\/article>","protected":false},"featured_media":4135,"comment_status":"open","ping_status":"closed","template":"","meta":{"_glsr_average":0,"_glsr_ranking":0,"_glsr_reviews":0,"_joinchat":[]},"product_brand":[],"product_cat":[16],"product_tag":[57,61,63,68,53,59,54,67,52,58,64,62,66,55,60,56,65],"class_list":{"0":"post-4128","1":"product","2":"type-product","3":"status-publish","4":"has-post-thumbnail","6":"product_cat-massagem-tantrica","7":"product_tag-body-to-body-massage-portimao","8":"product_tag-massagem-a-dois-algarve","9":"product_tag-massagem-com-final-feliz-algarve","10":"product_tag-massagem-de-luxo-algarve","11":"product_tag-massagem-erotica","12":"product_tag-massagem-intima-portimao","13":"product_tag-massagem-sensual-algarve","14":"product_tag-massagem-tantra-portimao","15":"product_tag-massagem-tantrica","16":"product_tag-massagens-eroticas-algarve","17":"product_tag-massagens-profissionais-em-portimao","18":"product_tag-massagens-relaxantes-portimao","19":"product_tag-massagistas-brasileiras-no-algarve","20":"product_tag-massagistas-em-portimao","21":"product_tag-spa-com-massagistas-sensuais-algarve","22":"product_tag-tantra-algarve","23":"product_tag-yoni-massage-portugal","24":"pa_altura-144","25":"pa_idade-103","26":"pa_massagens-massagem-body-to-body","27":"pa_massagens-massagem-erotica","28":"pa_massagens-massagem-lingam","29":"pa_massagens-massagem-nuru","30":"pa_massagens-massagem-para-casais","31":"pa_massagens-massagem-relaxante","32":"pa_massagens-massagem-tantrica","33":"pa_massagens-massagem-yoni","34":"pa_peso-31","36":"first","37":"instock","38":"shipping-taxable","39":"product-type-simple"},"acf":[],"_links":{"self":[{"href":"https:\/\/www.essencetantric.pt\/fr\/wp-json\/wp\/v2\/product\/4128","targetHints":{"allow":["GET"]}}],"collection":[{"href":"https:\/\/www.essencetantric.pt\/fr\/wp-json\/wp\/v2\/product"}],"about":[{"href":"https:\/\/www.essencetantric.pt\/fr\/wp-json\/wp\/v2\/types\/product"}],"replies":[{"embeddable":true,"href":"https:\/\/www.essencetantric.pt\/fr\/wp-json\/wp\/v2\/comments?post=4128"}],"wp:featuredmedia":[{"embeddable":true,"href":"https:\/\/www.essencetantric.pt\/fr\/wp-json\/wp\/v2\/media\/4135"}],"wp:attachment":[{"href":"https:\/\/www.essencetantric.pt\/fr\/wp-json\/wp\/v2\/media?parent=4128"}],"wp:term":[{"taxonomy":"product_brand","embeddable":true,"href":"https:\/\/www.essencetantric.pt\/fr\/wp-json\/wp\/v2\/product_brand?post=4128"},{"taxonomy":"product_cat","embeddable":true,"href":"https:\/\/www.essencetantric.pt\/fr\/wp-json\/wp\/v2\/product_cat?post=4128"},{"taxonomy":"product_tag","embeddable":true,"href":"https:\/\/www.essencetantric.pt\/fr\/wp-json\/wp\/v2\/product_tag?post=4128"}],"curies":[{"name":"wp","href":"https:\/\/api.w.org\/{rel}","templated":true}]}}