{"id":2277,"date":"2025-09-23T21:00:30","date_gmt":"2025-09-23T20:00:30","guid":{"rendered":"https:\/\/www.essencetantric.pt\/?post_type=product&#038;p=2277"},"modified":"2025-09-23T21:03:06","modified_gmt":"2025-09-23T20:03:06","slug":"alexa","status":"publish","type":"product","link":"https:\/\/www.essencetantric.pt\/fr\/massagista\/alexa\/","title":{"rendered":"Alexa"},"content":{"rendered":"<p><!-- Texto em terceira pessoa (Essence Tantric apresentando) --><\/p>\n<div class=\"texto-terceira-pessoa\">\n<h4><strong>Alexa \u2013 sensualit\u00e9 et \u00e9nergie dans les moindres d\u00e9tails.<\/strong><\/h4>\n<p>LE <strong>Essence Tantrique<\/strong> Nous sommes heureux de vous pr\u00e9senter <strong>Alexa<\/strong>, une th\u00e9rapeute qui rayonne de jeunesse et de magn\u00e9tisme. \u00c0 24 ans, avec son <strong>cheveux blonds<\/strong> et <strong>yeux bruns intenses<\/strong>, Alexa conquista desde o primeiro olhar e transforma cada sess\u00e3o num momento memor\u00e1vel.<\/p>\n<p>Com um toque firme e envolvente, Alexa combina t\u00e9cnica e sensualidade para proporcionar uma experi\u00eancia \u00fanica. A sua presen\u00e7a inspira confian\u00e7a e excita\u00e7\u00e3o, criando o ambiente perfeito para quem deseja relaxar, explorar e sentir novas formas de prazer.<\/p>\n<p>Com Alexa, poder\u00e1 desfrutar das nossas massagens exclusivas:<\/p>\n<ul>\n<li><a href=\"https:\/\/www.essencetantric.pt\/pt\/massagem-tantrica\/\" target=\"_blank\" rel=\"noopener\">Massage tantrique<\/a>Lib\u00e9rez votre \u00e9nergie et d\u00e9couvrez le plaisir conscient.<\/li>\n<li><a href=\"https:\/\/www.essencetantric.pt\/pt\/massagem-body-to-body\/\" target=\"_blank\" rel=\"noopener\">Massage corps \u00e0 corps<\/a>Connexion intense par contact corporel total.<\/li>\n<li><a href=\"https:\/\/www.essencetantric.pt\/pt\/massagem-nuru\/\" target=\"_blank\" rel=\"noopener\">Massage Nuru<\/a>: une exp\u00e9rience \u00e0 la fois glissante et captivante.<\/li>\n<li><a href=\"https:\/\/www.essencetantric.pt\/pt\/massagem-sensual\/\" target=\"_blank\" rel=\"noopener\">Massage sensuel<\/a>Un \u00e9quilibre parfait entre \u00e9rotisme et sensibilit\u00e9.<\/li>\n<li><a href=\"https:\/\/www.essencetantric.pt\/pt\/massagem-yoni\/\" target=\"_blank\" rel=\"noopener\">Massage du Yoni<\/a>: d\u00e9di\u00e9 au plaisir et \u00e0 la conscience f\u00e9minine.<\/li>\n<li><a href=\"https:\/\/www.essencetantric.pt\/pt\/massagem-lingam\/\" target=\"_blank\" rel=\"noopener\">Massage Lingam<\/a>Un lien profond avec l&#039;\u00e9nergie masculine.<\/li>\n<li><a href=\"https:\/\/www.essencetantric.pt\/pt\/massagem-para-casais\/\" target=\"_blank\" rel=\"noopener\">Massage en couple<\/a>Partagez un moment intime et sensuel en couple.<\/li>\n<li><a href=\"https:\/\/www.essencetantric.pt\/pt\/massagem-de-relaxamento\/\" target=\"_blank\" rel=\"noopener\">Massage de relaxation<\/a>Id\u00e9al pour soulager le stress et se ressourcer.<\/li>\n<li><a href=\"https:\/\/www.essencetantric.pt\/pt\/massagem-desportiva\/\" target=\"_blank\" rel=\"noopener\">Massage sportif<\/a>Id\u00e9al pour revitaliser le corps apr\u00e8s un effort physique.<\/li>\n<\/ul>\n<p>Avec Alexa, chaque interaction est une invitation au plaisir, chaque regard une promesse d&#039;intensit\u00e9. Une exp\u00e9rience qui restera grav\u00e9e dans votre m\u00e9moire.<\/p>\n<\/div>","protected":false},"excerpt":{"rendered":"<p><!-- Texto em primeira pessoa --><\/p>\n<div class=\"texto-primeira-pessoa\">\n<h4><strong>D\u00e9couvrez le plaisir par mon toucher\u2026<\/strong><\/h4>\n<p>Bonjour, je suis <strong>Alexa<\/strong>. J&#039;ai <strong>24 ans<\/strong>, <strong>1,60 m<\/strong>, un corps aux formes g\u00e9n\u00e9reuses <strong>58 kg<\/strong>, des yeux bruns saisissants et des cheveux blonds s\u00e9duisants qui tombent doucement sur mes \u00e9paules.<\/p>\n<p>Chaque massage que je propose est une invitation \u00e0 l&#039;abandon et \u00e0 la d\u00e9couverte de nouvelles sensations. Mon toucher \u00e9veille, enveloppe et conduit \u00e0 des moments de plaisir et de relaxation profonde, o\u00f9 le corps et l&#039;esprit retrouvent leur \u00e9quilibre.<\/p>\n<p>Avec moi, vous d\u00e9couvrirez qu&#039;un massage peut \u00eatre bien plus qu&#039;un simple moment de bien-\u00eatre\u00a0: une exp\u00e9rience inoubliable d&#039;intimit\u00e9 et de connexion. Laissez-vous emporter par mon \u00e9nergie et ma sensualit\u00e9 naturelle.<\/p>\n<\/div>","protected":false},"featured_media":2279,"comment_status":"open","ping_status":"closed","template":"","meta":{"_glsr_average":0,"_glsr_ranking":0,"_glsr_reviews":0,"_joinchat":[]},"product_brand":[],"product_cat":[16],"product_tag":[57,61,63,68,53,59,54,67,52,58,64,62,66,55,60,56,65],"class_list":{"0":"post-2277","1":"product","2":"type-product","3":"status-publish","4":"has-post-thumbnail","6":"product_cat-massagem-tantrica","7":"product_tag-body-to-body-massage-portimao","8":"product_tag-massagem-a-dois-algarve","9":"product_tag-massagem-com-final-feliz-algarve","10":"product_tag-massagem-de-luxo-algarve","11":"product_tag-massagem-erotica","12":"product_tag-massagem-intima-portimao","13":"product_tag-massagem-sensual-algarve","14":"product_tag-massagem-tantra-portimao","15":"product_tag-massagem-tantrica","16":"product_tag-massagens-eroticas-algarve","17":"product_tag-massagens-profissionais-em-portimao","18":"product_tag-massagens-relaxantes-portimao","19":"product_tag-massagistas-brasileiras-no-algarve","20":"product_tag-massagistas-em-portimao","21":"product_tag-spa-com-massagistas-sensuais-algarve","22":"product_tag-tantra-algarve","23":"product_tag-yoni-massage-portugal","24":"pa_altura-32","25":"pa_idade-40","26":"pa_massagens-massagem-body-to-body","27":"pa_massagens-massagem-erotica","28":"pa_massagens-massagem-lingam","29":"pa_massagens-massagem-nuru","30":"pa_massagens-massagem-para-casais","31":"pa_massagens-massagem-relaxante","32":"pa_massagens-massagem-tantrica","33":"pa_massagens-massagem-yoni","34":"pa_peso-24","36":"first","37":"instock","38":"shipping-taxable","39":"product-type-simple"},"acf":[],"_links":{"self":[{"href":"https:\/\/www.essencetantric.pt\/fr\/wp-json\/wp\/v2\/product\/2277","targetHints":{"allow":["GET"]}}],"collection":[{"href":"https:\/\/www.essencetantric.pt\/fr\/wp-json\/wp\/v2\/product"}],"about":[{"href":"https:\/\/www.essencetantric.pt\/fr\/wp-json\/wp\/v2\/types\/product"}],"replies":[{"embeddable":true,"href":"https:\/\/www.essencetantric.pt\/fr\/wp-json\/wp\/v2\/comments?post=2277"}],"wp:featuredmedia":[{"embeddable":true,"href":"https:\/\/www.essencetantric.pt\/fr\/wp-json\/wp\/v2\/media\/2279"}],"wp:attachment":[{"href":"https:\/\/www.essencetantric.pt\/fr\/wp-json\/wp\/v2\/media?parent=2277"}],"wp:term":[{"taxonomy":"product_brand","embeddable":true,"href":"https:\/\/www.essencetantric.pt\/fr\/wp-json\/wp\/v2\/product_brand?post=2277"},{"taxonomy":"product_cat","embeddable":true,"href":"https:\/\/www.essencetantric.pt\/fr\/wp-json\/wp\/v2\/product_cat?post=2277"},{"taxonomy":"product_tag","embeddable":true,"href":"https:\/\/www.essencetantric.pt\/fr\/wp-json\/wp\/v2\/product_tag?post=2277"}],"curies":[{"name":"wp","href":"https:\/\/api.w.org\/{rel}","templated":true}]}}