{"id":1677,"date":"2025-07-23T21:56:06","date_gmt":"2025-07-23T20:56:06","guid":{"rendered":"https:\/\/www.essencetantric.pt\/?post_type=product&#038;p=1677"},"modified":"2026-04-24T19:35:32","modified_gmt":"2026-04-24T18:35:32","slug":"kiara","status":"publish","type":"product","link":"https:\/\/www.essencetantric.pt\/fr\/massagista\/kiara\/","title":{"rendered":"Kiara"},"content":{"rendered":"<div class=\"texto-principal\">\n<p>Kiara est une masseuse br\u00e9silienne de 28 ans. Mesurant 1,80 m, sa silhouette \u00e9lanc\u00e9e allie \u00e9l\u00e9gance et sensualit\u00e9. Avec ses cheveux blonds et ses yeux marron fonc\u00e9, sa pr\u00e9sence est saisissante et son toucher est \u00e0 la fois d\u00e9licat et profond.<\/p>\n<p>Dans l&#039;environnement accueillant d&#039;Essence Tantric, Kiara propose des exp\u00e9riences uniques \u00e0 travers <a href=\"https:\/\/www.essencetantric.pt\/pt\/massagem-tantrica\/\">Massage tantrique<\/a>, guidant le client \u00e0 travers un voyage de connaissance de soi et de plaisir conscient.<\/p>\n<p>Le v\u00f4tre <a href=\"https:\/\/www.essencetantric.pt\/pt\/massagem-body-to-body\/\">Massage corps \u00e0 corps<\/a> Ex\u00e9cut\u00e9 avec sensualit\u00e9 et l\u00e9g\u00e8ret\u00e9, il offre une connexion intense avec le corps. Pour ceux qui souhaitent une exp\u00e9rience encore plus immersive, Kiara propose <a href=\"https:\/\/www.essencetantric.pt\/pt\/massagem-nuru\/\">Massage Nuru<\/a>, avec une touche glissante et stimulante.<\/p>\n<p>Avec un profond respect et une grande attention, elle r\u00e9alise \u00e9galement les <a href=\"https:\/\/www.essencetantric.pt\/pt\/massagem-lingam\/\">Massage Lingam<\/a>, recommand\u00e9 \u00e0 ceux qui souhaitent \u00e9veiller et d\u00e9velopper consciemment leur \u00e9nergie sexuelle.<\/p>\n<p>De plus, Kiara est disponible pour des s\u00e9ances <a href=\"https:\/\/www.essencetantric.pt\/pt\/massagem-sensual\/\">Massage sensuel<\/a>, <a href=\"https:\/\/www.essencetantric.pt\/pt\/massagem-de-relaxamento\/\">Massage de relaxation<\/a> et <a href=\"https:\/\/www.essencetantric.pt\/pt\/massagem-desportiva\/\">Massage sportif<\/a>, en adaptant chaque s\u00e9ance au profil et aux besoins du client.<\/p>\n<\/div>","protected":false},"excerpt":{"rendered":"<div class=\"texto-convidativo\">\n<p>Bonjour, je suis Kiara, une massoth\u00e9rapeute passionn\u00e9e par l&#039;art du toucher et proposant des exp\u00e9riences sensorielles qui \u00e9veillent le corps, l&#039;esprit et l&#039;\u00e2me.<\/p>\n<p>Je vous invite \u00e0 vivre avec moi une <a href=\"https:\/\/www.essencetantric.pt\/pt\/massagem-tantrica\/\">Massage tantrique<\/a> transformateur, ou si vous pr\u00e9f\u00e9rez, un <a href=\"https:\/\/www.essencetantric.pt\/pt\/massagem-body-to-body\/\">Massage corps \u00e0 corps<\/a> qui va au-del\u00e0 de la peau, vous emmenant au plaisir de la pleine pr\u00e9sence.<\/p>\n<p>Si vous recherchez quelque chose d&#039;encore plus intense, <a href=\"https:\/\/www.essencetantric.pt\/pt\/massagem-nuru\/\">Massage Nuru<\/a> et le <a href=\"https:\/\/www.essencetantric.pt\/pt\/massagem-lingam\/\">Massage Lingam<\/a> sont parfaits pour se connecter profond\u00e9ment \u00e0 votre \u00e9nergie vitale.<\/p>\n<p>Je suis pr\u00eate \u00e0 vous accueillir avec affection, respect et d\u00e9vouement ici \u00e0 Essence T\u00e2ntric. Venez vivre ce moment avec moi.<\/p>\n<\/div>","protected":false},"featured_media":2469,"comment_status":"closed","ping_status":"closed","template":"","meta":{"_glsr_average":0,"_glsr_ranking":0,"_glsr_reviews":0,"_joinchat":[]},"product_brand":[],"product_cat":[16],"product_tag":[57,61,63,68,53,59,54,67,52,58,64,62,66,55,60,56,65],"class_list":{"0":"post-1677","1":"product","2":"type-product","3":"status-publish","4":"has-post-thumbnail","6":"product_cat-massagem-tantrica","7":"product_tag-body-to-body-massage-portimao","8":"product_tag-massagem-a-dois-algarve","9":"product_tag-massagem-com-final-feliz-algarve","10":"product_tag-massagem-de-luxo-algarve","11":"product_tag-massagem-erotica","12":"product_tag-massagem-intima-portimao","13":"product_tag-massagem-sensual-algarve","14":"product_tag-massagem-tantra-portimao","15":"product_tag-massagem-tantrica","16":"product_tag-massagens-eroticas-algarve","17":"product_tag-massagens-profissionais-em-portimao","18":"product_tag-massagens-relaxantes-portimao","19":"product_tag-massagistas-brasileiras-no-algarve","20":"product_tag-massagistas-em-portimao","21":"product_tag-spa-com-massagistas-sensuais-algarve","22":"product_tag-tantra-algarve","23":"product_tag-yoni-massage-portugal","25":"first","26":"instock","27":"shipping-taxable","28":"product-type-simple"},"acf":[],"_links":{"self":[{"href":"https:\/\/www.essencetantric.pt\/fr\/wp-json\/wp\/v2\/product\/1677","targetHints":{"allow":["GET"]}}],"collection":[{"href":"https:\/\/www.essencetantric.pt\/fr\/wp-json\/wp\/v2\/product"}],"about":[{"href":"https:\/\/www.essencetantric.pt\/fr\/wp-json\/wp\/v2\/types\/product"}],"replies":[{"embeddable":true,"href":"https:\/\/www.essencetantric.pt\/fr\/wp-json\/wp\/v2\/comments?post=1677"}],"wp:featuredmedia":[{"embeddable":true,"href":"https:\/\/www.essencetantric.pt\/fr\/wp-json\/wp\/v2\/media\/2469"}],"wp:attachment":[{"href":"https:\/\/www.essencetantric.pt\/fr\/wp-json\/wp\/v2\/media?parent=1677"}],"wp:term":[{"taxonomy":"product_brand","embeddable":true,"href":"https:\/\/www.essencetantric.pt\/fr\/wp-json\/wp\/v2\/product_brand?post=1677"},{"taxonomy":"product_cat","embeddable":true,"href":"https:\/\/www.essencetantric.pt\/fr\/wp-json\/wp\/v2\/product_cat?post=1677"},{"taxonomy":"product_tag","embeddable":true,"href":"https:\/\/www.essencetantric.pt\/fr\/wp-json\/wp\/v2\/product_tag?post=1677"}],"curies":[{"name":"wp","href":"https:\/\/api.w.org\/{rel}","templated":true}]}}