{"id":1477,"date":"2025-05-28T13:34:54","date_gmt":"2025-05-28T12:34:54","guid":{"rendered":"https:\/\/www.essencetantric.pt\/?post_type=product&#038;p=1477"},"modified":"2025-07-30T23:37:53","modified_gmt":"2025-07-30T22:37:53","slug":"nicoly","status":"publish","type":"product","link":"https:\/\/www.essencetantric.pt\/fr\/massagista\/nicoly\/","title":{"rendered":"Nicoly"},"content":{"rendered":"","protected":false},"excerpt":{"rendered":"<p>&nbsp;<\/p>\n<h2>Nicoly \u2013 26 ans, Br\u00e9silienne<\/h2>\n<p>Expert dans l&#039;art de la s\u00e9duction et du plaisir. Avec <strong>1,60 m de haut<\/strong>, <strong>58 kg<\/strong> et ses yeux marron hypnotisants, Nicoly est le genre de femme qui \u00e9veille le d\u00e9sir et la curiosit\u00e9 au premier regard.<\/p>\n<p>Avec son toucher doux et son \u00e9nergie chaleureuse, il vous emm\u00e8ne dans un voyage de sensations qui transcende le corps. Il vous permet de vous d\u00e9tendre et d&#039;explorer chaque d\u00e9tail du plaisir \u00e0 travers une exp\u00e9rience immersive.<br \/>\n<a href=\"https:\/\/www.essencetantric.pt\/massagem-lingam\/\" target=\"_blank\" rel=\"noopener\">Massage Lingam<\/a>, abandonnez-vous au glissement des corps dans l&#039;intense<br \/>\n<a href=\"https:\/\/www.essencetantric.pt\/massagem-body-to-body\" target=\"_blank\" rel=\"noopener\">Massage corps \u00e0 corps<\/a> ou partagez ce moment sp\u00e9cial avec celui que vous aimez dans un d\u00e9licieux<br \/>\n<a href=\"https:\/\/www.essencetantric.pt\/massagem-para-casais\/\" target=\"_blank\" rel=\"noopener\">Massage en couple<\/a>.<\/p>\n<p>Si vous recherchez quelque chose d&#039;encore plus profond, laissez-vous emporter par la connexion unique de<br \/>\n<a href=\"https:\/\/www.essencetantric.pt\/pt\/massagem-tantrica\/\" target=\"_blank\" rel=\"noopener\">Massage tantrique<\/a>, par le toucher glissant et excitant de<br \/>\n<a href=\"https:\/\/www.essencetantric.pt\/massagem-nuru\/\" target=\"_blank\" rel=\"noopener\">Massage Nuru<\/a> ou tout simplement se d\u00e9tendre, en oubliant le monde, avec un d\u00e9licieux<br \/>\n<a href=\"https:\/\/www.essencetantric.pt\/massagem-de-relaxamento\/\" target=\"_blank\" rel=\"noopener\">Massage relaxant<\/a>.<\/p>\n<p><strong>Nicoly vous attend \u00e0 Portim\u00e3o, pr\u00eat \u00e0 transformer votre journ\u00e9e en une exp\u00e9rience inoubliable.<\/strong><\/p>","protected":false},"featured_media":1482,"comment_status":"open","ping_status":"closed","template":"","meta":{"_glsr_average":0,"_glsr_ranking":0,"_glsr_reviews":0,"_joinchat":[]},"product_brand":[],"product_cat":[16],"product_tag":[57,61,63,68,53,59,54,67,52,58,64,62,66,55,60,56,65],"class_list":{"0":"post-1477","1":"product","2":"type-product","3":"status-publish","4":"has-post-thumbnail","6":"product_cat-massagem-tantrica","7":"product_tag-body-to-body-massage-portimao","8":"product_tag-massagem-a-dois-algarve","9":"product_tag-massagem-com-final-feliz-algarve","10":"product_tag-massagem-de-luxo-algarve","11":"product_tag-massagem-erotica","12":"product_tag-massagem-intima-portimao","13":"product_tag-massagem-sensual-algarve","14":"product_tag-massagem-tantra-portimao","15":"product_tag-massagem-tantrica","16":"product_tag-massagens-eroticas-algarve","17":"product_tag-massagens-profissionais-em-portimao","18":"product_tag-massagens-relaxantes-portimao","19":"product_tag-massagistas-brasileiras-no-algarve","20":"product_tag-massagistas-em-portimao","21":"product_tag-spa-com-massagistas-sensuais-algarve","22":"product_tag-tantra-algarve","23":"product_tag-yoni-massage-portugal","24":"pa_altura-23","25":"pa_idade-87","26":"pa_nacionalidade-brasileira","27":"pa_peso-88","29":"first","30":"instock","31":"shipping-taxable","32":"product-type-simple"},"acf":[],"_links":{"self":[{"href":"https:\/\/www.essencetantric.pt\/fr\/wp-json\/wp\/v2\/product\/1477","targetHints":{"allow":["GET"]}}],"collection":[{"href":"https:\/\/www.essencetantric.pt\/fr\/wp-json\/wp\/v2\/product"}],"about":[{"href":"https:\/\/www.essencetantric.pt\/fr\/wp-json\/wp\/v2\/types\/product"}],"replies":[{"embeddable":true,"href":"https:\/\/www.essencetantric.pt\/fr\/wp-json\/wp\/v2\/comments?post=1477"}],"wp:featuredmedia":[{"embeddable":true,"href":"https:\/\/www.essencetantric.pt\/fr\/wp-json\/wp\/v2\/media\/1482"}],"wp:attachment":[{"href":"https:\/\/www.essencetantric.pt\/fr\/wp-json\/wp\/v2\/media?parent=1477"}],"wp:term":[{"taxonomy":"product_brand","embeddable":true,"href":"https:\/\/www.essencetantric.pt\/fr\/wp-json\/wp\/v2\/product_brand?post=1477"},{"taxonomy":"product_cat","embeddable":true,"href":"https:\/\/www.essencetantric.pt\/fr\/wp-json\/wp\/v2\/product_cat?post=1477"},{"taxonomy":"product_tag","embeddable":true,"href":"https:\/\/www.essencetantric.pt\/fr\/wp-json\/wp\/v2\/product_tag?post=1477"}],"curies":[{"name":"wp","href":"https:\/\/api.w.org\/{rel}","templated":true}]}}