{"id":2477,"date":"2025-11-07T17:47:26","date_gmt":"2025-11-07T17:47:26","guid":{"rendered":"https:\/\/www.essencetantric.pt\/?post_type=product&#038;p=2477"},"modified":"2026-04-16T12:08:14","modified_gmt":"2026-04-16T11:08:14","slug":"alexandre","status":"publish","type":"product","link":"https:\/\/www.essencetantric.pt\/es\/massagista\/alexandre\/","title":{"rendered":"Alejandro"},"content":{"rendered":"<div class=\"texto-terceira-pessoa\">\n<h4><strong>Alexandre \u2013 Fuerza, profundidad y energ\u00eda masculina en el toque t\u00e1ntrico.<\/strong><\/h4>\n<p>EL <strong>Esencia T\u00e1ntrica<\/strong> Nos complace presentarles <strong>Alejandro<\/strong>, un terapeuta cuya presencia irradia confianza y una cautivadora energ\u00eda masculina. <strong>28 a\u00f1os<\/strong>, con su <strong>cabello negro<\/strong> y <strong>ojos marr\u00f3n oscuro<\/strong> de olhar penetrante, Alexandre oferece um toque seguro e especializado, transformando cada sess\u00e3o numa jornada de redescoberta e prazer consciente.<\/p>\n<p>Com a sua estrutura de **181 cm** e toque firme, Alexandre combina a profundidade das t\u00e9cnicas t\u00e2ntricas com uma sensualidade madura para proporcionar uma experi\u00eancia \u00fanica. A sua abordagem \u00e9 ideal para quem deseja desbloquear energias, explorar o prazer na sua forma mais intensa e sentir a for\u00e7a de uma conex\u00e3o aut\u00eantica.<\/p>\n<p>Com Alexandre, poder\u00e1 desfrutar das nossas massagens exclusivas:<\/p>\n<ul>\n<li><a href=\"https:\/\/www.essencetantric.pt\/pt\/massagem-tantrica\/\" target=\"_blank\" rel=\"noopener\">Masaje t\u00e1ntrico<\/a>Libera tus energ\u00edas y descubre el placer consciente.<\/li>\n<li><a href=\"https:\/\/www.essencetantric.pt\/pt\/massagem-body-to-body\/\" target=\"_blank\" rel=\"noopener\">Masaje cuerpo a cuerpo<\/a>Conexi\u00f3n intensa a trav\u00e9s del contacto corporal completo.<\/li>\n<li><a href=\"https:\/\/www.essencetantric.pt\/pt\/massagem-nuru\/\" target=\"_blank\" rel=\"noopener\">Masaje nuru<\/a>: una experiencia resbaladiza y cautivadora.<\/li>\n<li><a href=\"https:\/\/www.essencetantric.pt\/pt\/massagem-sensual\/\" target=\"_blank\" rel=\"noopener\">Masaje sensual<\/a>Un equilibrio perfecto entre erotismo y sensibilidad.<\/li>\n<li><a href=\"https:\/\/www.essencetantric.pt\/pt\/massagem-yoni\/\" target=\"_blank\" rel=\"noopener\">Masaje Yoni<\/a>: dedicado al placer femenino y a la consciencia plena.<\/li>\n<li><a href=\"https:\/\/www.essencetantric.pt\/pt\/massagem-lingam\/\" target=\"_blank\" rel=\"noopener\">Masaje Lingam<\/a>Una profunda conexi\u00f3n con la energ\u00eda masculina.<\/li>\n<li><a href=\"https:\/\/www.essencetantric.pt\/pt\/massagem-para-casais\/\" target=\"_blank\" rel=\"noopener\">Masaje para parejas<\/a>Compartan un momento \u00edntimo y sensual en pareja.<\/li>\n<li><a href=\"https:\/\/www.essencetantric.pt\/pt\/massagem-de-relaxamento\/\" target=\"_blank\" rel=\"noopener\">Masaje de relajaci\u00f3n<\/a>Perfecto para aliviar el estr\u00e9s y recargar energ\u00edas.<\/li>\n<li><a href=\"https:\/\/www.essencetantric.pt\/pt\/massagem-desportiva\/\" target=\"_blank\" rel=\"noopener\">Masaje deportivo<\/a>Ideal para revitalizar el cuerpo despu\u00e9s del esfuerzo f\u00edsico.<\/li>\n<\/ul>\n<p>Con Alexandre, cada caricia te conduce a un placer profundo, cada momento es una promesa de equilibrio y transformaci\u00f3n. Una experiencia que despertar\u00e1 tu energ\u00eda masculina.<\/p>\n<\/div>","protected":false},"excerpt":{"rendered":"<div class=\"texto-primeira-pessoa\">\n<h4><strong>Siente la intensidad de mi energ\u00eda y la seguridad de mi tacto\u2026<\/strong><\/h4>\n<p>Hola, soy <strong>Alejandro<\/strong>. Tengo <strong>28 a\u00f1os<\/strong>, <strong>1,81 m<\/strong> alto, un cuerpo atl\u00e9tico de <strong>90 kg<\/strong>, con <strong>ojos marr\u00f3n oscuro<\/strong> que transmiten profundidad y una <strong>cabello negro<\/strong> lo cual subraya mi presencia.<\/p>\n<p>Cada masaje que ofrezco es una invitaci\u00f3n a la entrega total y al descubrimiento de tu energ\u00eda vital. Mi tacto es firme, seguro y profundamente envolvente, dise\u00f1ado para despertar y liberar tu sensualidad m\u00e1s profunda.<\/p>\n<p>Conmigo, descubrir\u00e1s que un masaje t\u00e1ntrico puede ser mucho m\u00e1s que un simple momento de bienestar: ser\u00e1 una experiencia inolvidable de conexi\u00f3n aut\u00e9ntica y placer consciente. D\u00e9jate guiar por mi pasi\u00f3n y experiencia en el arte del tacto.<\/p>\n<\/div>","protected":false},"featured_media":1731,"comment_status":"open","ping_status":"closed","template":"","meta":{"_glsr_average":0,"_glsr_ranking":0,"_glsr_reviews":0,"_joinchat":[]},"product_brand":[],"product_cat":[16],"product_tag":[57,61,63,68,53,114,59,54,67,52,116,58,64,62,113,66,55,60,56,115,65],"class_list":{"0":"post-2477","1":"product","2":"type-product","3":"status-publish","4":"has-post-thumbnail","6":"product_cat-massagem-tantrica","7":"product_tag-body-to-body-massage-portimao","8":"product_tag-massagem-a-dois-algarve","9":"product_tag-massagem-com-final-feliz-algarve","10":"product_tag-massagem-de-luxo-algarve","11":"product_tag-massagem-erotica","12":"product_tag-massagem-erotica-masculina","13":"product_tag-massagem-intima-portimao","14":"product_tag-massagem-sensual-algarve","15":"product_tag-massagem-tantra-portimao","16":"product_tag-massagem-tantrica","17":"product_tag-massagem-tantrica-com-homem","18":"product_tag-massagens-eroticas-algarve","19":"product_tag-massagens-profissionais-em-portimao","20":"product_tag-massagens-relaxantes-portimao","21":"product_tag-massagista-masculino","22":"product_tag-massagistas-brasileiras-no-algarve","23":"product_tag-massagistas-em-portimao","24":"product_tag-spa-com-massagistas-sensuais-algarve","25":"product_tag-tantra-algarve","26":"product_tag-terapeuta-tantrico-masculino","27":"product_tag-yoni-massage-portugal","28":"pa_altura-109","29":"pa_idade-108","30":"pa_peso-110","32":"first","33":"instock","34":"shipping-taxable","35":"product-type-simple"},"acf":[],"_links":{"self":[{"href":"https:\/\/www.essencetantric.pt\/es\/wp-json\/wp\/v2\/product\/2477","targetHints":{"allow":["GET"]}}],"collection":[{"href":"https:\/\/www.essencetantric.pt\/es\/wp-json\/wp\/v2\/product"}],"about":[{"href":"https:\/\/www.essencetantric.pt\/es\/wp-json\/wp\/v2\/types\/product"}],"replies":[{"embeddable":true,"href":"https:\/\/www.essencetantric.pt\/es\/wp-json\/wp\/v2\/comments?post=2477"}],"wp:featuredmedia":[{"embeddable":true,"href":"https:\/\/www.essencetantric.pt\/es\/wp-json\/wp\/v2\/media\/1731"}],"wp:attachment":[{"href":"https:\/\/www.essencetantric.pt\/es\/wp-json\/wp\/v2\/media?parent=2477"}],"wp:term":[{"taxonomy":"product_brand","embeddable":true,"href":"https:\/\/www.essencetantric.pt\/es\/wp-json\/wp\/v2\/product_brand?post=2477"},{"taxonomy":"product_cat","embeddable":true,"href":"https:\/\/www.essencetantric.pt\/es\/wp-json\/wp\/v2\/product_cat?post=2477"},{"taxonomy":"product_tag","embeddable":true,"href":"https:\/\/www.essencetantric.pt\/es\/wp-json\/wp\/v2\/product_tag?post=2477"}],"curies":[{"name":"wp","href":"https:\/\/api.w.org\/{rel}","templated":true}]}}