{"id":2277,"date":"2025-09-23T21:00:30","date_gmt":"2025-09-23T20:00:30","guid":{"rendered":"https:\/\/www.essencetantric.pt\/?post_type=product&#038;p=2277"},"modified":"2025-09-23T21:03:06","modified_gmt":"2025-09-23T20:03:06","slug":"alexa","status":"publish","type":"product","link":"https:\/\/www.essencetantric.pt\/es\/massagista\/alexa\/","title":{"rendered":"Alexa"},"content":{"rendered":"<p><!-- Texto em terceira pessoa (Essence Tantric apresentando) --><\/p>\n<div class=\"texto-terceira-pessoa\">\n<h4><strong>Alexa: sensualidad y energ\u00eda en cada detalle.<\/strong><\/h4>\n<p>EL <strong>Esencia T\u00e1ntrica<\/strong> Nos complace presentarles <strong>Alexa<\/strong>, una terapeuta que irradia juventud y magnetismo. A los 24 a\u00f1os, con su <strong>cabello rubio<\/strong> y <strong>intensos ojos marrones<\/strong>, Alexa conquista desde o primeiro olhar e transforma cada sess\u00e3o num momento memor\u00e1vel.<\/p>\n<p>Com um toque firme e envolvente, Alexa combina t\u00e9cnica e sensualidade para proporcionar uma experi\u00eancia \u00fanica. A sua presen\u00e7a inspira confian\u00e7a e excita\u00e7\u00e3o, criando o ambiente perfeito para quem deseja relaxar, explorar e sentir novas formas de prazer.<\/p>\n<p>Com Alexa, poder\u00e1 desfrutar das nossas massagens exclusivas:<\/p>\n<ul>\n<li><a href=\"https:\/\/www.essencetantric.pt\/pt\/massagem-tantrica\/\" target=\"_blank\" rel=\"noopener\">Masaje t\u00e1ntrico<\/a>Libera tus energ\u00edas y descubre el placer consciente.<\/li>\n<li><a href=\"https:\/\/www.essencetantric.pt\/pt\/massagem-body-to-body\/\" target=\"_blank\" rel=\"noopener\">Masaje cuerpo a cuerpo<\/a>Conexi\u00f3n intensa a trav\u00e9s del contacto corporal completo.<\/li>\n<li><a href=\"https:\/\/www.essencetantric.pt\/pt\/massagem-nuru\/\" target=\"_blank\" rel=\"noopener\">Masaje nuru<\/a>: una experiencia resbaladiza y cautivadora.<\/li>\n<li><a href=\"https:\/\/www.essencetantric.pt\/pt\/massagem-sensual\/\" target=\"_blank\" rel=\"noopener\">Masaje sensual<\/a>Un equilibrio perfecto entre erotismo y sensibilidad.<\/li>\n<li><a href=\"https:\/\/www.essencetantric.pt\/pt\/massagem-yoni\/\" target=\"_blank\" rel=\"noopener\">Masaje Yoni<\/a>: dedicado al placer femenino y a la consciencia plena.<\/li>\n<li><a href=\"https:\/\/www.essencetantric.pt\/pt\/massagem-lingam\/\" target=\"_blank\" rel=\"noopener\">Masaje Lingam<\/a>Una profunda conexi\u00f3n con la energ\u00eda masculina.<\/li>\n<li><a href=\"https:\/\/www.essencetantric.pt\/pt\/massagem-para-casais\/\" target=\"_blank\" rel=\"noopener\">Masaje para parejas<\/a>Compartan un momento \u00edntimo y sensual en pareja.<\/li>\n<li><a href=\"https:\/\/www.essencetantric.pt\/pt\/massagem-de-relaxamento\/\" target=\"_blank\" rel=\"noopener\">Masaje de relajaci\u00f3n<\/a>Perfecto para aliviar el estr\u00e9s y recargar energ\u00edas.<\/li>\n<li><a href=\"https:\/\/www.essencetantric.pt\/pt\/massagem-desportiva\/\" target=\"_blank\" rel=\"noopener\">Masaje deportivo<\/a>Ideal para revitalizar el cuerpo despu\u00e9s del esfuerzo f\u00edsico.<\/li>\n<\/ul>\n<p>Con Alexa, cada toque es una invitaci\u00f3n al placer, cada mirada una promesa de intensidad. Una experiencia que quedar\u00e1 grabada en tu memoria.<\/p>\n<\/div>","protected":false},"excerpt":{"rendered":"<p><!-- Texto em primeira pessoa --><\/p>\n<div class=\"texto-primeira-pessoa\">\n<h4><strong>Descubre el placer a trav\u00e9s de mi tacto\u2026<\/strong><\/h4>\n<p>Hola, soy yo <strong>Alexa<\/strong>. Tengo <strong>24 a\u00f1os<\/strong>, <strong>1,60 m<\/strong>, un cuerpo curvil\u00edneo con <strong>58 kilos<\/strong>, unos llamativos ojos marrones y un delicioso cabello rubio que cae suavemente sobre mis hombros.<\/p>\n<p>Cada masaje que ofrezco es una invitaci\u00f3n a la entrega y al descubrimiento de nuevas sensaciones. Mi tacto despierta, envuelve y conduce a momentos de placer y relajaci\u00f3n profunda, donde cuerpo y mente encuentran el equilibrio.<\/p>\n<p>Conmigo, descubrir\u00e1s que un masaje puede ser mucho m\u00e1s que un momento de bienestar: ser\u00e1 una experiencia inolvidable de intimidad y conexi\u00f3n. D\u00e9jate llevar por mi energ\u00eda y sensualidad natural.<\/p>\n<\/div>","protected":false},"featured_media":2279,"comment_status":"open","ping_status":"closed","template":"","meta":{"_glsr_average":0,"_glsr_ranking":0,"_glsr_reviews":0,"_joinchat":[]},"product_brand":[],"product_cat":[16],"product_tag":[57,61,63,68,53,59,54,67,52,58,64,62,66,55,60,56,65],"class_list":{"0":"post-2277","1":"product","2":"type-product","3":"status-publish","4":"has-post-thumbnail","6":"product_cat-massagem-tantrica","7":"product_tag-body-to-body-massage-portimao","8":"product_tag-massagem-a-dois-algarve","9":"product_tag-massagem-com-final-feliz-algarve","10":"product_tag-massagem-de-luxo-algarve","11":"product_tag-massagem-erotica","12":"product_tag-massagem-intima-portimao","13":"product_tag-massagem-sensual-algarve","14":"product_tag-massagem-tantra-portimao","15":"product_tag-massagem-tantrica","16":"product_tag-massagens-eroticas-algarve","17":"product_tag-massagens-profissionais-em-portimao","18":"product_tag-massagens-relaxantes-portimao","19":"product_tag-massagistas-brasileiras-no-algarve","20":"product_tag-massagistas-em-portimao","21":"product_tag-spa-com-massagistas-sensuais-algarve","22":"product_tag-tantra-algarve","23":"product_tag-yoni-massage-portugal","24":"pa_altura-32","25":"pa_idade-40","26":"pa_massagens-massagem-body-to-body","27":"pa_massagens-massagem-erotica","28":"pa_massagens-massagem-lingam","29":"pa_massagens-massagem-nuru","30":"pa_massagens-massagem-para-casais","31":"pa_massagens-massagem-relaxante","32":"pa_massagens-massagem-tantrica","33":"pa_massagens-massagem-yoni","34":"pa_peso-24","36":"first","37":"instock","38":"shipping-taxable","39":"product-type-simple"},"acf":[],"_links":{"self":[{"href":"https:\/\/www.essencetantric.pt\/es\/wp-json\/wp\/v2\/product\/2277","targetHints":{"allow":["GET"]}}],"collection":[{"href":"https:\/\/www.essencetantric.pt\/es\/wp-json\/wp\/v2\/product"}],"about":[{"href":"https:\/\/www.essencetantric.pt\/es\/wp-json\/wp\/v2\/types\/product"}],"replies":[{"embeddable":true,"href":"https:\/\/www.essencetantric.pt\/es\/wp-json\/wp\/v2\/comments?post=2277"}],"wp:featuredmedia":[{"embeddable":true,"href":"https:\/\/www.essencetantric.pt\/es\/wp-json\/wp\/v2\/media\/2279"}],"wp:attachment":[{"href":"https:\/\/www.essencetantric.pt\/es\/wp-json\/wp\/v2\/media?parent=2277"}],"wp:term":[{"taxonomy":"product_brand","embeddable":true,"href":"https:\/\/www.essencetantric.pt\/es\/wp-json\/wp\/v2\/product_brand?post=2277"},{"taxonomy":"product_cat","embeddable":true,"href":"https:\/\/www.essencetantric.pt\/es\/wp-json\/wp\/v2\/product_cat?post=2277"},{"taxonomy":"product_tag","embeddable":true,"href":"https:\/\/www.essencetantric.pt\/es\/wp-json\/wp\/v2\/product_tag?post=2277"}],"curies":[{"name":"wp","href":"https:\/\/api.w.org\/{rel}","templated":true}]}}