{"id":1770,"date":"2025-08-14T23:12:04","date_gmt":"2025-08-14T22:12:04","guid":{"rendered":"https:\/\/www.essencetantric.pt\/?post_type=product&#038;p=1770"},"modified":"2025-08-14T23:16:07","modified_gmt":"2025-08-14T22:16:07","slug":"suzy","status":"publish","type":"product","link":"https:\/\/www.essencetantric.pt\/es\/massagista\/suzy\/","title":{"rendered":"Suzy"},"content":{"rendered":"<p>EL <strong>Esencia T\u00e1ntrica<\/strong> orgulha-se de apresentar Suzy, uma loira sedutora de cabelos longos e ondulados, cuja presen\u00e7a e toque transformam cada sess\u00e3o numa experi\u00eancia memor\u00e1vel. Com um talento natural para despertar sensa\u00e7\u00f5es profundas, Suzy combina t\u00e9cnicas refinadas com um toque envolvente e apaixonante.<\/p>\n<p>Explore o universo do prazer e da conex\u00e3o com Suzy atrav\u00e9s das nossas massagens:<\/p>\n<ul>\n<li><a href=\"https:\/\/www.essencetantric.pt\/pt\/massagem-tantrica\/\" target=\"_blank\" rel=\"noopener\">Masaje t\u00e1ntrico<\/a>:Desbloquear energ\u00edas y redescubrir el placer con la presencia.<\/li>\n<li><a href=\"https:\/\/www.essencetantric.pt\/pt\/massagem-body-to-body\/\" target=\"_blank\" rel=\"noopener\">Masaje cuerpo a cuerpo<\/a>:Conexi\u00f3n intensa a trav\u00e9s del contacto corporal completo.<\/li>\n<li><a href=\"https:\/\/www.essencetantric.pt\/pt\/massagem-nuru\/\" target=\"_blank\" rel=\"noopener\">Masaje nuru<\/a>:Tacto resbaladizo y envolvente con entrega total.<\/li>\n<li><a href=\"https:\/\/www.essencetantric.pt\/pt\/massagem-sensual\/\" target=\"_blank\" rel=\"noopener\">Masaje sensual<\/a>:equilibrio entre erotismo y sensibilidad.<\/li>\n<li><a href=\"https:\/\/www.essencetantric.pt\/pt\/massagem-yoni\/\" target=\"_blank\" rel=\"noopener\">Masaje Yoni<\/a>:dedicado al universo femenino y al placer consciente.<\/li>\n<li><a href=\"https:\/\/www.essencetantric.pt\/pt\/massagem-lingam\/\" target=\"_blank\" rel=\"noopener\">Masaje Lingam<\/a>:para aquellos que buscan explorar la energ\u00eda sexual masculina con respeto y atenci\u00f3n.<\/li>\n<li><a href=\"https:\/\/www.essencetantric.pt\/pt\/massagem-para-casais\/\" target=\"_blank\" rel=\"noopener\">Masaje para parejas<\/a>:compartir una experiencia \u00edntima y sensorial en pareja.<\/li>\n<li><a href=\"https:\/\/www.essencetantric.pt\/pt\/massagem-de-relaxamento\/\" target=\"_blank\" rel=\"noopener\">Masaje de relajaci\u00f3n<\/a>:Perfecto para aliviar el estr\u00e9s y recuperar la tranquilidad.<\/li>\n<li><a href=\"https:\/\/www.essencetantric.pt\/pt\/massagem-desportiva\/\" target=\"_blank\" rel=\"noopener\">Masaje deportivo<\/a>:Recomendado para cuidar el cuerpo despu\u00e9s del ejercicio f\u00edsico.<\/li>\n<\/ul>\n<p>Deixe-se guiar pelas m\u00e3os experientes de Suzy e descubra um mundo de prazer, entrega e harmonia.<\/p>","protected":false},"excerpt":{"rendered":"<p><strong>Atendimento exclusivo: Do dia 16\/08 a 22\/08\/2025<\/strong><\/p>\n<p>Hola, soy yo <strong>Suzy<\/strong>\u2026 Uma loira irresist\u00edvel, de cabelos longos e ondulados, pronta para envolver todos os seus sentidos numa experi\u00eancia \u00fanica. Cada toque meu \u00e9 pensado para despertar o seu prazer e conduzi-lo(a) a um estado de relaxamento profundo e conex\u00e3o intensa. Quero sentir a sua energia, explorar o seu corpo com suavidade e paix\u00e3o, e fazer com que cada instante seja inesquec\u00edvel. Venha perder-se no meu toque e descobrir novas formas de prazer\u2026 Estou \u00e0 sua espera.<\/p>","protected":false},"featured_media":1775,"comment_status":"open","ping_status":"closed","template":"","meta":{"_glsr_average":0,"_glsr_ranking":0,"_glsr_reviews":0,"_joinchat":[]},"product_brand":[],"product_cat":[16],"product_tag":[57,61,63,68,53,59,54,67,52,58,64,62,66,55,60,56,65],"class_list":{"0":"post-1770","1":"product","2":"type-product","3":"status-publish","4":"has-post-thumbnail","6":"product_cat-massagem-tantrica","7":"product_tag-body-to-body-massage-portimao","8":"product_tag-massagem-a-dois-algarve","9":"product_tag-massagem-com-final-feliz-algarve","10":"product_tag-massagem-de-luxo-algarve","11":"product_tag-massagem-erotica","12":"product_tag-massagem-intima-portimao","13":"product_tag-massagem-sensual-algarve","14":"product_tag-massagem-tantra-portimao","15":"product_tag-massagem-tantrica","16":"product_tag-massagens-eroticas-algarve","17":"product_tag-massagens-profissionais-em-portimao","18":"product_tag-massagens-relaxantes-portimao","19":"product_tag-massagistas-brasileiras-no-algarve","20":"product_tag-massagistas-em-portimao","21":"product_tag-spa-com-massagistas-sensuais-algarve","22":"product_tag-tantra-algarve","23":"product_tag-yoni-massage-portugal","25":"first","26":"instock","27":"shipping-taxable","28":"product-type-simple"},"acf":[],"_links":{"self":[{"href":"https:\/\/www.essencetantric.pt\/es\/wp-json\/wp\/v2\/product\/1770","targetHints":{"allow":["GET"]}}],"collection":[{"href":"https:\/\/www.essencetantric.pt\/es\/wp-json\/wp\/v2\/product"}],"about":[{"href":"https:\/\/www.essencetantric.pt\/es\/wp-json\/wp\/v2\/types\/product"}],"replies":[{"embeddable":true,"href":"https:\/\/www.essencetantric.pt\/es\/wp-json\/wp\/v2\/comments?post=1770"}],"wp:featuredmedia":[{"embeddable":true,"href":"https:\/\/www.essencetantric.pt\/es\/wp-json\/wp\/v2\/media\/1775"}],"wp:attachment":[{"href":"https:\/\/www.essencetantric.pt\/es\/wp-json\/wp\/v2\/media?parent=1770"}],"wp:term":[{"taxonomy":"product_brand","embeddable":true,"href":"https:\/\/www.essencetantric.pt\/es\/wp-json\/wp\/v2\/product_brand?post=1770"},{"taxonomy":"product_cat","embeddable":true,"href":"https:\/\/www.essencetantric.pt\/es\/wp-json\/wp\/v2\/product_cat?post=1770"},{"taxonomy":"product_tag","embeddable":true,"href":"https:\/\/www.essencetantric.pt\/es\/wp-json\/wp\/v2\/product_tag?post=1770"}],"curies":[{"name":"wp","href":"https:\/\/api.w.org\/{rel}","templated":true}]}}