{"id":1677,"date":"2025-07-23T21:56:06","date_gmt":"2025-07-23T20:56:06","guid":{"rendered":"https:\/\/www.essencetantric.pt\/?post_type=product&#038;p=1677"},"modified":"2026-04-24T19:35:32","modified_gmt":"2026-04-24T18:35:32","slug":"kiara","status":"publish","type":"product","link":"https:\/\/www.essencetantric.pt\/es\/massagista\/kiara\/","title":{"rendered":"Kiara"},"content":{"rendered":"<div class=\"texto-principal\">\n<p>Kiara es una masajista brasile\u00f1a de 28 a\u00f1os, de 1,83 metros de altura y cuerpo esbelto que combina elegancia y sensualidad. Con cabello rubio y ojos casta\u00f1o oscuro, su presencia es impactante y su tacto es delicado y profundo.<\/p>\n<p>En el acogedor ambiente de Essence Tantric, Kiara brinda experiencias \u00fanicas a trav\u00e9s de <a href=\"https:\/\/www.essencetantric.pt\/pt\/massagem-tantrica\/\">Masaje t\u00e1ntrico<\/a>, guiando al cliente a trav\u00e9s de un viaje de autoconocimiento y placer consciente.<\/p>\n<p>Tuyo <a href=\"https:\/\/www.essencetantric.pt\/pt\/massagem-body-to-body\/\">Masaje cuerpo a cuerpo<\/a> Se realiza con sensualidad y ligereza, proporcionando una intensa conexi\u00f3n con el cuerpo. Para quienes desean una experiencia a\u00fan m\u00e1s inmersiva, Kiara ofrece <a href=\"https:\/\/www.essencetantric.pt\/pt\/massagem-nuru\/\">Masaje nuru<\/a>, con un tacto deslizante y estimulante.<\/p>\n<p>Con profundo respeto y atenci\u00f3n, tambi\u00e9n lleva a cabo la <a href=\"https:\/\/www.essencetantric.pt\/pt\/massagem-lingam\/\">Masaje Lingam<\/a>, recomendado para quienes desean despertar conscientemente y expandir su energ\u00eda sexual.<\/p>\n<p>Adem\u00e1s, Kiara est\u00e1 disponible para sesiones. <a href=\"https:\/\/www.essencetantric.pt\/pt\/massagem-sensual\/\">Masaje sensual<\/a>, <a href=\"https:\/\/www.essencetantric.pt\/pt\/massagem-de-relaxamento\/\">Masaje de relajaci\u00f3n<\/a> y <a href=\"https:\/\/www.essencetantric.pt\/pt\/massagem-desportiva\/\">Masaje deportivo<\/a>, adaptando cada sesi\u00f3n al perfil y necesidades del cliente.<\/p>\n<\/div>","protected":false},"excerpt":{"rendered":"<div class=\"texto-convidativo\">\n<p>Hola, soy Kiara, una masajista apasionada por el arte del tacto y brindar experiencias sensoriales que despierten el cuerpo, la mente y el alma.<\/p>\n<p>Te invito a vivir conmigo una <a href=\"https:\/\/www.essencetantric.pt\/pt\/massagem-tantrica\/\">Masaje t\u00e1ntrico<\/a> transformador, o si lo prefieres, un <a href=\"https:\/\/www.essencetantric.pt\/pt\/massagem-body-to-body\/\">Masaje cuerpo a cuerpo<\/a> que va m\u00e1s all\u00e1 de la piel, llev\u00e1ndote al placer de la presencia plena.<\/p>\n<p>Si buscas algo a\u00fan m\u00e1s intenso, <a href=\"https:\/\/www.essencetantric.pt\/pt\/massagem-nuru\/\">Masaje nuru<\/a> y el <a href=\"https:\/\/www.essencetantric.pt\/pt\/massagem-lingam\/\">Masaje Lingam<\/a> Son perfectos para conectar profundamente con tu energ\u00eda vital.<\/p>\n<p>Estoy lista para recibirte con cari\u00f1o, respeto y dedicaci\u00f3n aqu\u00ed en Essence T\u00e2ntric. Ven a vivir este momento conmigo.<\/p>\n<\/div>","protected":false},"featured_media":2469,"comment_status":"closed","ping_status":"closed","template":"","meta":{"_glsr_average":0,"_glsr_ranking":0,"_glsr_reviews":0,"_joinchat":[]},"product_brand":[],"product_cat":[16],"product_tag":[57,61,63,68,53,59,54,67,52,58,64,62,66,55,60,56,65],"class_list":{"0":"post-1677","1":"product","2":"type-product","3":"status-publish","4":"has-post-thumbnail","6":"product_cat-massagem-tantrica","7":"product_tag-body-to-body-massage-portimao","8":"product_tag-massagem-a-dois-algarve","9":"product_tag-massagem-com-final-feliz-algarve","10":"product_tag-massagem-de-luxo-algarve","11":"product_tag-massagem-erotica","12":"product_tag-massagem-intima-portimao","13":"product_tag-massagem-sensual-algarve","14":"product_tag-massagem-tantra-portimao","15":"product_tag-massagem-tantrica","16":"product_tag-massagens-eroticas-algarve","17":"product_tag-massagens-profissionais-em-portimao","18":"product_tag-massagens-relaxantes-portimao","19":"product_tag-massagistas-brasileiras-no-algarve","20":"product_tag-massagistas-em-portimao","21":"product_tag-spa-com-massagistas-sensuais-algarve","22":"product_tag-tantra-algarve","23":"product_tag-yoni-massage-portugal","25":"first","26":"instock","27":"shipping-taxable","28":"product-type-simple"},"acf":[],"_links":{"self":[{"href":"https:\/\/www.essencetantric.pt\/es\/wp-json\/wp\/v2\/product\/1677","targetHints":{"allow":["GET"]}}],"collection":[{"href":"https:\/\/www.essencetantric.pt\/es\/wp-json\/wp\/v2\/product"}],"about":[{"href":"https:\/\/www.essencetantric.pt\/es\/wp-json\/wp\/v2\/types\/product"}],"replies":[{"embeddable":true,"href":"https:\/\/www.essencetantric.pt\/es\/wp-json\/wp\/v2\/comments?post=1677"}],"wp:featuredmedia":[{"embeddable":true,"href":"https:\/\/www.essencetantric.pt\/es\/wp-json\/wp\/v2\/media\/2469"}],"wp:attachment":[{"href":"https:\/\/www.essencetantric.pt\/es\/wp-json\/wp\/v2\/media?parent=1677"}],"wp:term":[{"taxonomy":"product_brand","embeddable":true,"href":"https:\/\/www.essencetantric.pt\/es\/wp-json\/wp\/v2\/product_brand?post=1677"},{"taxonomy":"product_cat","embeddable":true,"href":"https:\/\/www.essencetantric.pt\/es\/wp-json\/wp\/v2\/product_cat?post=1677"},{"taxonomy":"product_tag","embeddable":true,"href":"https:\/\/www.essencetantric.pt\/es\/wp-json\/wp\/v2\/product_tag?post=1677"}],"curies":[{"name":"wp","href":"https:\/\/api.w.org\/{rel}","templated":true}]}}