{"id":1487,"date":"2025-05-28T21:09:02","date_gmt":"2025-05-28T20:09:02","guid":{"rendered":"https:\/\/www.essencetantric.pt\/?post_type=product&#038;p=1487"},"modified":"2026-04-16T12:08:24","modified_gmt":"2026-04-16T11:08:24","slug":"jose-coutinho","status":"publish","type":"product","link":"https:\/\/www.essencetantric.pt\/es\/massagista\/jose-coutinho\/","title":{"rendered":"Jos\u00e9 Coutinho"},"content":{"rendered":"","protected":false},"excerpt":{"rendered":"<h2>Jos\u00e9 Coutinho \u2013 29 a\u00f1os, Masajista<\/h2>\n<p>Con <strong>1,83 m de altura<\/strong>, <strong>80 kilos<\/strong> y una presencia que irradia confianza, serenidad y sensualidad, Jos\u00e9 es un masajista terap\u00e9utico dedicado a brindar momentos de bienestar, placer y conexi\u00f3n profunda.<\/p>\n<p>Formado y certificado en diversas t\u00e9cnicas, su toque combina precisi\u00f3n, sensibilidad e intensidad. D\u00e9jate llevar por la relajaci\u00f3n absoluta con un... <a href=\"https:\/\/www.essencetantric.pt\/massagem-de-relaxamento\/\" target=\"_blank\" rel=\"noopener\">Masaje de relajaci\u00f3n<\/a>, alivia la tensi\u00f3n con la poderosa t\u00e9cnica de <a href=\"https:\/\/www.essencetantric.pt\/\" target=\"_blank\" rel=\"noopener\">shiatsu<\/a> o cuida tu cuerpo con un <a href=\"https:\/\/www.essencetantric.pt\/\" target=\"_blank\" rel=\"noopener\">Masaje deportivo<\/a> por encargo.<\/p>\n<p>Para experiencias que trascienden lo f\u00edsico, perm\u00edtete experimentar todo el poder de <a href=\"https:\/\/www.essencetantric.pt\/pt\/massagem-tantrica\/\" target=\"_blank\" rel=\"noopener\">Masaje t\u00e1ntrico<\/a>, explora el tacto intenso y envolvente de <a href=\"https:\/\/www.essencetantric.pt\/massagem-nuru\/\" target=\"_blank\" rel=\"noopener\">Masaje t\u00e1ntrico Nuru<\/a> o entr\u00e9gate al placer sensorial profundo de <a href=\"https:\/\/www.essencetantric.pt\/massagem-lingam\/\" target=\"_blank\" rel=\"noopener\">Masaje Lingam<\/a>.<\/p>\n<p>Atiende con total profesionalismo <strong>hombres, mujeres y parejas<\/strong>, proporcionando un momento \u00fanico de autoconocimiento, placer y bienestar.<\/p>\n<p><strong>Jos\u00e9 te espera en Portim\u00e3o, listo para llevarte a una experiencia transformadora e inolvidable.<\/strong><\/p>","protected":false},"featured_media":1489,"comment_status":"open","ping_status":"closed","template":"","meta":{"_glsr_average":0,"_glsr_ranking":0,"_glsr_reviews":0,"_joinchat":[]},"product_brand":[],"product_cat":[16],"product_tag":[57,61,63,68,53,114,59,54,67,52,116,58,64,62,113,66,55,60,56,115,65],"class_list":{"0":"post-1487","1":"product","2":"type-product","3":"status-publish","4":"has-post-thumbnail","6":"product_cat-massagem-tantrica","7":"product_tag-body-to-body-massage-portimao","8":"product_tag-massagem-a-dois-algarve","9":"product_tag-massagem-com-final-feliz-algarve","10":"product_tag-massagem-de-luxo-algarve","11":"product_tag-massagem-erotica","12":"product_tag-massagem-erotica-masculina","13":"product_tag-massagem-intima-portimao","14":"product_tag-massagem-sensual-algarve","15":"product_tag-massagem-tantra-portimao","16":"product_tag-massagem-tantrica","17":"product_tag-massagem-tantrica-com-homem","18":"product_tag-massagens-eroticas-algarve","19":"product_tag-massagens-profissionais-em-portimao","20":"product_tag-massagens-relaxantes-portimao","21":"product_tag-massagista-masculino","22":"product_tag-massagistas-brasileiras-no-algarve","23":"product_tag-massagistas-em-portimao","24":"product_tag-spa-com-massagistas-sensuais-algarve","25":"product_tag-tantra-algarve","26":"product_tag-terapeuta-tantrico-masculino","27":"product_tag-yoni-massage-portugal","28":"pa_altura-91","29":"pa_idade-90","30":"pa_peso-80kg","32":"first","33":"instock","34":"shipping-taxable","35":"product-type-simple"},"acf":[],"_links":{"self":[{"href":"https:\/\/www.essencetantric.pt\/es\/wp-json\/wp\/v2\/product\/1487","targetHints":{"allow":["GET"]}}],"collection":[{"href":"https:\/\/www.essencetantric.pt\/es\/wp-json\/wp\/v2\/product"}],"about":[{"href":"https:\/\/www.essencetantric.pt\/es\/wp-json\/wp\/v2\/types\/product"}],"replies":[{"embeddable":true,"href":"https:\/\/www.essencetantric.pt\/es\/wp-json\/wp\/v2\/comments?post=1487"}],"wp:featuredmedia":[{"embeddable":true,"href":"https:\/\/www.essencetantric.pt\/es\/wp-json\/wp\/v2\/media\/1489"}],"wp:attachment":[{"href":"https:\/\/www.essencetantric.pt\/es\/wp-json\/wp\/v2\/media?parent=1487"}],"wp:term":[{"taxonomy":"product_brand","embeddable":true,"href":"https:\/\/www.essencetantric.pt\/es\/wp-json\/wp\/v2\/product_brand?post=1487"},{"taxonomy":"product_cat","embeddable":true,"href":"https:\/\/www.essencetantric.pt\/es\/wp-json\/wp\/v2\/product_cat?post=1487"},{"taxonomy":"product_tag","embeddable":true,"href":"https:\/\/www.essencetantric.pt\/es\/wp-json\/wp\/v2\/product_tag?post=1487"}],"curies":[{"name":"wp","href":"https:\/\/api.w.org\/{rel}","templated":true}]}}