{"id":1477,"date":"2025-05-28T13:34:54","date_gmt":"2025-05-28T12:34:54","guid":{"rendered":"https:\/\/www.essencetantric.pt\/?post_type=product&#038;p=1477"},"modified":"2025-07-30T23:37:53","modified_gmt":"2025-07-30T22:37:53","slug":"nicoly","status":"publish","type":"product","link":"https:\/\/www.essencetantric.pt\/es\/massagista\/nicoly\/","title":{"rendered":"Nicoly"},"content":{"rendered":"","protected":false},"excerpt":{"rendered":"<p>&nbsp;<\/p>\n<h2>Nicoly \u2013 26 a\u00f1os, brasile\u00f1a<\/h2>\n<p>Experta en el arte de la seducci\u00f3n y el placer. Con <strong>1,60 m de altura<\/strong>, <strong>58 kilos<\/strong> y unos hipnotizantes ojos marrones, Nicoly es el tipo de mujer que despierta el deseo y la curiosidad a primera vista.<\/p>\n<p>Con un tacto suave y una energ\u00eda c\u00e1lida, te transporta a un viaje de sensaciones que va mucho m\u00e1s all\u00e1 del cuerpo. Te permite relajarte y explorar cada detalle del placer a trav\u00e9s de una experiencia inmersiva.<br \/>\n<a href=\"https:\/\/www.essencetantric.pt\/massagem-lingam\/\" target=\"_blank\" rel=\"noopener\">Masaje Lingam<\/a>, entr\u00e9gate al deslizamiento de los cuerpos en la intensa<br \/>\n<a href=\"https:\/\/www.essencetantric.pt\/massagem-body-to-body\" target=\"_blank\" rel=\"noopener\">Masaje cuerpo a cuerpo<\/a> o comparte este momento especial con quien amas de una deliciosa<br \/>\n<a href=\"https:\/\/www.essencetantric.pt\/massagem-para-casais\/\" target=\"_blank\" rel=\"noopener\">Masaje para parejas<\/a>.<\/p>\n<p>Si buscas algo a\u00fan m\u00e1s profundo, d\u00e9jate llevar por la conexi\u00f3n \u00fanica de<br \/>\n<a href=\"https:\/\/www.essencetantric.pt\/pt\/massagem-tantrica\/\" target=\"_blank\" rel=\"noopener\">Masaje t\u00e1ntrico<\/a>, por el tacto resbaladizo y excitante de<br \/>\n<a href=\"https:\/\/www.essencetantric.pt\/massagem-nuru\/\" target=\"_blank\" rel=\"noopener\">Masaje nuru<\/a> o simplemente relajarse, olvid\u00e1ndose del mundo, con un delicioso<br \/>\n<a href=\"https:\/\/www.essencetantric.pt\/massagem-de-relaxamento\/\" target=\"_blank\" rel=\"noopener\">Masaje relajante<\/a>.<\/p>\n<p><strong>Nicoly te espera en Portim\u00e3o, dispuesta a transformar tu d\u00eda en una experiencia inolvidable.<\/strong><\/p>","protected":false},"featured_media":1482,"comment_status":"open","ping_status":"closed","template":"","meta":{"_glsr_average":0,"_glsr_ranking":0,"_glsr_reviews":0,"_joinchat":[]},"product_brand":[],"product_cat":[16],"product_tag":[57,61,63,68,53,59,54,67,52,58,64,62,66,55,60,56,65],"class_list":{"0":"post-1477","1":"product","2":"type-product","3":"status-publish","4":"has-post-thumbnail","6":"product_cat-massagem-tantrica","7":"product_tag-body-to-body-massage-portimao","8":"product_tag-massagem-a-dois-algarve","9":"product_tag-massagem-com-final-feliz-algarve","10":"product_tag-massagem-de-luxo-algarve","11":"product_tag-massagem-erotica","12":"product_tag-massagem-intima-portimao","13":"product_tag-massagem-sensual-algarve","14":"product_tag-massagem-tantra-portimao","15":"product_tag-massagem-tantrica","16":"product_tag-massagens-eroticas-algarve","17":"product_tag-massagens-profissionais-em-portimao","18":"product_tag-massagens-relaxantes-portimao","19":"product_tag-massagistas-brasileiras-no-algarve","20":"product_tag-massagistas-em-portimao","21":"product_tag-spa-com-massagistas-sensuais-algarve","22":"product_tag-tantra-algarve","23":"product_tag-yoni-massage-portugal","24":"pa_altura-23","25":"pa_idade-87","26":"pa_nacionalidade-brasileira","27":"pa_peso-88","29":"first","30":"instock","31":"shipping-taxable","32":"product-type-simple"},"acf":[],"_links":{"self":[{"href":"https:\/\/www.essencetantric.pt\/es\/wp-json\/wp\/v2\/product\/1477","targetHints":{"allow":["GET"]}}],"collection":[{"href":"https:\/\/www.essencetantric.pt\/es\/wp-json\/wp\/v2\/product"}],"about":[{"href":"https:\/\/www.essencetantric.pt\/es\/wp-json\/wp\/v2\/types\/product"}],"replies":[{"embeddable":true,"href":"https:\/\/www.essencetantric.pt\/es\/wp-json\/wp\/v2\/comments?post=1477"}],"wp:featuredmedia":[{"embeddable":true,"href":"https:\/\/www.essencetantric.pt\/es\/wp-json\/wp\/v2\/media\/1482"}],"wp:attachment":[{"href":"https:\/\/www.essencetantric.pt\/es\/wp-json\/wp\/v2\/media?parent=1477"}],"wp:term":[{"taxonomy":"product_brand","embeddable":true,"href":"https:\/\/www.essencetantric.pt\/es\/wp-json\/wp\/v2\/product_brand?post=1477"},{"taxonomy":"product_cat","embeddable":true,"href":"https:\/\/www.essencetantric.pt\/es\/wp-json\/wp\/v2\/product_cat?post=1477"},{"taxonomy":"product_tag","embeddable":true,"href":"https:\/\/www.essencetantric.pt\/es\/wp-json\/wp\/v2\/product_tag?post=1477"}],"curies":[{"name":"wp","href":"https:\/\/api.w.org\/{rel}","templated":true}]}}