{"id":2477,"date":"2025-11-07T17:47:26","date_gmt":"2025-11-07T17:47:26","guid":{"rendered":"https:\/\/www.essencetantric.pt\/?post_type=product&#038;p=2477"},"modified":"2026-04-16T12:08:14","modified_gmt":"2026-04-16T11:08:14","slug":"alexandre","status":"publish","type":"product","link":"https:\/\/www.essencetantric.pt\/en\/massagista\/alexandre\/","title":{"rendered":"Alexander"},"content":{"rendered":"<div class=\"texto-terceira-pessoa\">\n<h4><strong>Alexandre \u2013 For\u00e7a, profundidade e a energia masculina no toque t\u00e2ntrico<\/strong><\/h4>\n<p>THE <strong>Essence Tantric<\/strong> We are pleased to present <strong>Alexander<\/strong>, um terapeuta cuja presen\u00e7a irradia confian\u00e7a e uma energia masculina cativante. Aos <strong>28 anos<\/strong>, com o seu <strong>black hair<\/strong> and <strong>olhos castanhos escuros<\/strong> de olhar penetrante, Alexandre oferece um toque seguro e especializado, transformando cada sess\u00e3o numa jornada de redescoberta e prazer consciente.<\/p>\n<p>Com a sua estrutura de **181 cm** e toque firme, Alexandre combina a profundidade das t\u00e9cnicas t\u00e2ntricas com uma sensualidade madura para proporcionar uma experi\u00eancia \u00fanica. A sua abordagem \u00e9 ideal para quem deseja desbloquear energias, explorar o prazer na sua forma mais intensa e sentir a for\u00e7a de uma conex\u00e3o aut\u00eantica.<\/p>\n<p>Com Alexandre, poder\u00e1 desfrutar das nossas massagens exclusivas:<\/p>\n<ul>\n<li><a href=\"https:\/\/www.essencetantric.pt\/pt\/massagem-tantrica\/\" target=\"_blank\" rel=\"noopener\">Tantric Massage<\/a>Unlock your energies and discover conscious pleasure.<\/li>\n<li><a href=\"https:\/\/www.essencetantric.pt\/pt\/massagem-body-to-body\/\" target=\"_blank\" rel=\"noopener\">Body to Body Massage<\/a>Intense connection through full body contact.<\/li>\n<li><a href=\"https:\/\/www.essencetantric.pt\/pt\/massagem-nuru\/\" target=\"_blank\" rel=\"noopener\">Nuru massage<\/a>: a slippery and captivating experience.<\/li>\n<li><a href=\"https:\/\/www.essencetantric.pt\/pt\/massagem-sensual\/\" target=\"_blank\" rel=\"noopener\">Sensual Massage<\/a>A perfect balance between eroticism and sensitivity.<\/li>\n<li><a href=\"https:\/\/www.essencetantric.pt\/pt\/massagem-yoni\/\" target=\"_blank\" rel=\"noopener\">Yoni Massage<\/a>: dedicated to female pleasure and awareness.<\/li>\n<li><a href=\"https:\/\/www.essencetantric.pt\/pt\/massagem-lingam\/\" target=\"_blank\" rel=\"noopener\">Lingam Massage<\/a>A deep connection with masculine energy.<\/li>\n<li><a href=\"https:\/\/www.essencetantric.pt\/pt\/massagem-para-casais\/\" target=\"_blank\" rel=\"noopener\">Couples Massage<\/a>Share an intimate and sensual moment as a couple.<\/li>\n<li><a href=\"https:\/\/www.essencetantric.pt\/pt\/massagem-de-relaxamento\/\" target=\"_blank\" rel=\"noopener\">Relaxation Massage<\/a>Perfect for relieving stress and renewing energy.<\/li>\n<li><a href=\"https:\/\/www.essencetantric.pt\/pt\/massagem-desportiva\/\" target=\"_blank\" rel=\"noopener\">Sports Massage<\/a>Ideal for revitalizing the body after physical exertion.<\/li>\n<\/ul>\n<p>Com Alexandre, cada toque \u00e9 uma condu\u00e7\u00e3o ao prazer profundo, cada momento uma promessa de equil\u00edbrio e transforma\u00e7\u00e3o. Uma experi\u00eancia que ir\u00e1 despertar a sua energia masculina.<\/p>\n<\/div>","protected":false},"excerpt":{"rendered":"<div class=\"texto-primeira-pessoa\">\n<h4><strong>Sinta a intensidade da minha energia e a seguran\u00e7a do meu toque&#8230;<\/strong><\/h4>\n<p>Ol\u00e1, eu sou o <strong>Alexander<\/strong>. I have <strong>28 anos<\/strong>, <strong>1,81m<\/strong> de altura, um corpo atl\u00e9tico de <strong>90kg<\/strong>, with <strong>olhos castanhos escuros<\/strong> que transmitem profundidade e um <strong>black hair<\/strong> que acentua a minha presen\u00e7a.<\/p>\n<p>Cada massagem que ofere\u00e7o \u00e9 um convite \u00e0 entrega total e \u00e0 descoberta da sua energia vital. O meu toque \u00e9 firme, seguro e profundamente envolvente, desenhado para despertar e desbloquear a sua sensualidade mais profunda.<\/p>\n<p>Comigo, vai descobrir que uma massagem t\u00e2ntrica pode ser muito mais do que um simples momento de bem-estar \u2014 ser\u00e1 uma experi\u00eancia inesquec\u00edvel de conex\u00e3o aut\u00eantica e prazer consciente. Deixe-se conduzir pela minha paix\u00e3o e especializa\u00e7\u00e3o no toque.<\/p>\n<\/div>","protected":false},"featured_media":1731,"comment_status":"open","ping_status":"closed","template":"","meta":{"_glsr_average":0,"_glsr_ranking":0,"_glsr_reviews":0,"_joinchat":[]},"product_brand":[],"product_cat":[16],"product_tag":[57,61,63,68,53,114,59,54,67,52,116,58,64,62,113,66,55,60,56,115,65],"class_list":{"0":"post-2477","1":"product","2":"type-product","3":"status-publish","4":"has-post-thumbnail","6":"product_cat-massagem-tantrica","7":"product_tag-body-to-body-massage-portimao","8":"product_tag-massagem-a-dois-algarve","9":"product_tag-massagem-com-final-feliz-algarve","10":"product_tag-massagem-de-luxo-algarve","11":"product_tag-massagem-erotica","12":"product_tag-massagem-erotica-masculina","13":"product_tag-massagem-intima-portimao","14":"product_tag-massagem-sensual-algarve","15":"product_tag-massagem-tantra-portimao","16":"product_tag-massagem-tantrica","17":"product_tag-massagem-tantrica-com-homem","18":"product_tag-massagens-eroticas-algarve","19":"product_tag-massagens-profissionais-em-portimao","20":"product_tag-massagens-relaxantes-portimao","21":"product_tag-massagista-masculino","22":"product_tag-massagistas-brasileiras-no-algarve","23":"product_tag-massagistas-em-portimao","24":"product_tag-spa-com-massagistas-sensuais-algarve","25":"product_tag-tantra-algarve","26":"product_tag-terapeuta-tantrico-masculino","27":"product_tag-yoni-massage-portugal","28":"pa_altura-109","29":"pa_idade-108","30":"pa_peso-110","32":"first","33":"instock","34":"shipping-taxable","35":"product-type-simple"},"acf":[],"_links":{"self":[{"href":"https:\/\/www.essencetantric.pt\/en\/wp-json\/wp\/v2\/product\/2477","targetHints":{"allow":["GET"]}}],"collection":[{"href":"https:\/\/www.essencetantric.pt\/en\/wp-json\/wp\/v2\/product"}],"about":[{"href":"https:\/\/www.essencetantric.pt\/en\/wp-json\/wp\/v2\/types\/product"}],"replies":[{"embeddable":true,"href":"https:\/\/www.essencetantric.pt\/en\/wp-json\/wp\/v2\/comments?post=2477"}],"wp:featuredmedia":[{"embeddable":true,"href":"https:\/\/www.essencetantric.pt\/en\/wp-json\/wp\/v2\/media\/1731"}],"wp:attachment":[{"href":"https:\/\/www.essencetantric.pt\/en\/wp-json\/wp\/v2\/media?parent=2477"}],"wp:term":[{"taxonomy":"product_brand","embeddable":true,"href":"https:\/\/www.essencetantric.pt\/en\/wp-json\/wp\/v2\/product_brand?post=2477"},{"taxonomy":"product_cat","embeddable":true,"href":"https:\/\/www.essencetantric.pt\/en\/wp-json\/wp\/v2\/product_cat?post=2477"},{"taxonomy":"product_tag","embeddable":true,"href":"https:\/\/www.essencetantric.pt\/en\/wp-json\/wp\/v2\/product_tag?post=2477"}],"curies":[{"name":"wp","href":"https:\/\/api.w.org\/{rel}","templated":true}]}}