{"id":2381,"date":"2025-10-14T21:18:38","date_gmt":"2025-10-14T20:18:38","guid":{"rendered":"https:\/\/www.essencetantric.pt\/?post_type=product&#038;p=2381"},"modified":"2025-10-14T21:25:39","modified_gmt":"2025-10-14T20:25:39","slug":"tai","status":"publish","type":"product","link":"https:\/\/www.essencetantric.pt\/en\/massagista\/tai\/","title":{"rendered":"Tai"},"content":{"rendered":"<div class=\"texto-terceira-pessoa\">\n<h4><strong>Tai \u2013 Elegance and Desire in Harmony<\/strong><\/h4>\n<p>THE <strong>Essence Tantric<\/strong> it presents <strong>Tai<\/strong>, a sublime encounter between <em>serenity and intensity<\/em>. With <strong>22 years old<\/strong>, <strong>1.62m<\/strong> tall and <strong>62kg<\/strong> With balanced and feminine forms, Tai emanates a magnetic energy that combines <em>refined sweetness<\/em> with <em>irresistible ardor<\/em>.<\/p>\n<p>Yours <strong>brown eyes<\/strong> They reveal mystery and empathy, guiding each experience with naturalness and elegance. <strong>brown hair<\/strong>, soltos e sedosos, acompanham os gestos precisos e o ritmo envolvente das suas m\u00e3os, criando uma atmosfera de confian\u00e7a e encantamento.<\/p>\n<p>Tai domina a arte do toque consciente \u2014 aquele que desperta sensa\u00e7\u00f5es e emociona pela delicadeza. A sua presen\u00e7a \u00e9 um convite \u00e0 entrega, ao prazer e \u00e0 descoberta de novas dimens\u00f5es do sentir. Cada movimento \u00e9 uma dan\u00e7a subtil entre <strong>energy and tenderness<\/strong>, between <strong>strength and surrender<\/strong>.<\/p>\n<p>Com Tai, pode desfrutar de todas as nossas massagens exclusivas:<\/p>\n<ul>\n<li><a href=\"https:\/\/www.essencetantric.pt\/pt\/massagem-tantrica\/\" target=\"_blank\" rel=\"noopener\">Tantric Massage<\/a>Elevate your vital energy and discover conscious pleasure.<\/li>\n<li><a href=\"https:\/\/www.essencetantric.pt\/pt\/massagem-body-to-body\/\" target=\"_blank\" rel=\"noopener\">Body to Body Massage<\/a>The power of total contact between two bodies in harmony.<\/li>\n<li><a href=\"https:\/\/www.essencetantric.pt\/pt\/massagem-nuru\/\" target=\"_blank\" rel=\"noopener\">Nuru massage<\/a>: a slippery experience of pleasure and complicity.<\/li>\n<li><a href=\"https:\/\/www.essencetantric.pt\/pt\/massagem-sensual\/\" target=\"_blank\" rel=\"noopener\">Sensual Massage<\/a>: a fusion between refined eroticism and profound sensitivity.<\/li>\n<li><a href=\"https:\/\/www.essencetantric.pt\/pt\/massagem-yoni\/\" target=\"_blank\" rel=\"noopener\">Yoni Massage<\/a>A celebration of pleasure and feminine essence.<\/li>\n<li><a href=\"https:\/\/www.essencetantric.pt\/pt\/massagem-lingam\/\" target=\"_blank\" rel=\"noopener\">Lingam Massage<\/a>: intense connection with masculine energy and inner balance.<\/li>\n<li><a href=\"https:\/\/www.essencetantric.pt\/pt\/massagem-para-casais\/\" target=\"_blank\" rel=\"noopener\">Couples Massage<\/a>: a shared sensory journey, where love meets pleasure.<\/li>\n<li><a href=\"https:\/\/www.essencetantric.pt\/pt\/massagem-de-relaxamento\/\" target=\"_blank\" rel=\"noopener\">Relaxation Massage<\/a>: complete rest and renewal of body and mind.<\/li>\n<li><a href=\"https:\/\/www.essencetantric.pt\/pt\/massagem-desportiva\/\" target=\"_blank\" rel=\"noopener\">Sports Massage<\/a>Perfect for revitalizing and balancing the body after exertion.<\/li>\n<\/ul>\n<p>With Tai, each session is a celebration of the senses \u2014 an encounter between pleasure and serenity, guided by hands that know how to communicate far beyond words.<\/p>\n<\/div>","protected":false},"excerpt":{"rendered":"<p><!-- Separador entre texto em terceira e primeira pessoa --><\/p>\n<div class=\"texto-primeira-pessoa\">\n<h4><strong>My Touch, Your Rediscovery<\/strong><\/h4>\n<p>I&#039;m Tai. I&#039;m 22 years old, 1.62m tall and weigh 62kg, and I believe that true pleasure comes from the balance between body and soul. My energy is calm, yet profoundly intense. My... <strong>brown eyes<\/strong> They reflect desire and empathy, and my touch is guided by sensitivity and intention.<\/p>\n<p>Every movement I make is carefully considered to create a genuine connection\u2014an experience where time slows down and pleasure takes on new forms. I like to guide each touch with attention and elegance, making the body a space for discovery and harmony.<\/p>\n<p>My mission is simple: to awaken authentic sensations and create moments of total surrender, where each breath transforms into conscious pleasure. Allow yourself to live this experience with me. Let me guide you on a journey of touch, energy, and serenity\u2014an experience that will be etched in your memory and your body.<\/p>\n<\/div>","protected":false},"featured_media":2383,"comment_status":"open","ping_status":"closed","template":"","meta":{"_glsr_average":0,"_glsr_ranking":0,"_glsr_reviews":0,"_joinchat":[]},"product_brand":[],"product_cat":[16],"product_tag":[57,61,63,68,53,59,54,67,52,58,64,62,66,55,60,56,65],"class_list":{"0":"post-2381","1":"product","2":"type-product","3":"status-publish","4":"has-post-thumbnail","6":"product_cat-massagem-tantrica","7":"product_tag-body-to-body-massage-portimao","8":"product_tag-massagem-a-dois-algarve","9":"product_tag-massagem-com-final-feliz-algarve","10":"product_tag-massagem-de-luxo-algarve","11":"product_tag-massagem-erotica","12":"product_tag-massagem-intima-portimao","13":"product_tag-massagem-sensual-algarve","14":"product_tag-massagem-tantra-portimao","15":"product_tag-massagem-tantrica","16":"product_tag-massagens-eroticas-algarve","17":"product_tag-massagens-profissionais-em-portimao","18":"product_tag-massagens-relaxantes-portimao","19":"product_tag-massagistas-brasileiras-no-algarve","20":"product_tag-massagistas-em-portimao","21":"product_tag-spa-com-massagistas-sensuais-algarve","22":"product_tag-tantra-algarve","23":"product_tag-yoni-massage-portugal","24":"pa_altura-129","25":"pa_idade-128","26":"pa_massagens-massagem-body-to-body","27":"pa_massagens-massagem-erotica","28":"pa_massagens-massagem-lingam","29":"pa_massagens-massagem-nuru","30":"pa_massagens-massagem-para-casais","31":"pa_massagens-massagem-relaxante","32":"pa_massagens-massagem-tantrica","33":"pa_massagens-massagem-yoni","34":"pa_peso-130","36":"first","37":"instock","38":"shipping-taxable","39":"product-type-simple"},"acf":[],"_links":{"self":[{"href":"https:\/\/www.essencetantric.pt\/en\/wp-json\/wp\/v2\/product\/2381","targetHints":{"allow":["GET"]}}],"collection":[{"href":"https:\/\/www.essencetantric.pt\/en\/wp-json\/wp\/v2\/product"}],"about":[{"href":"https:\/\/www.essencetantric.pt\/en\/wp-json\/wp\/v2\/types\/product"}],"replies":[{"embeddable":true,"href":"https:\/\/www.essencetantric.pt\/en\/wp-json\/wp\/v2\/comments?post=2381"}],"wp:featuredmedia":[{"embeddable":true,"href":"https:\/\/www.essencetantric.pt\/en\/wp-json\/wp\/v2\/media\/2383"}],"wp:attachment":[{"href":"https:\/\/www.essencetantric.pt\/en\/wp-json\/wp\/v2\/media?parent=2381"}],"wp:term":[{"taxonomy":"product_brand","embeddable":true,"href":"https:\/\/www.essencetantric.pt\/en\/wp-json\/wp\/v2\/product_brand?post=2381"},{"taxonomy":"product_cat","embeddable":true,"href":"https:\/\/www.essencetantric.pt\/en\/wp-json\/wp\/v2\/product_cat?post=2381"},{"taxonomy":"product_tag","embeddable":true,"href":"https:\/\/www.essencetantric.pt\/en\/wp-json\/wp\/v2\/product_tag?post=2381"}],"curies":[{"name":"wp","href":"https:\/\/api.w.org\/{rel}","templated":true}]}}