{"id":2360,"date":"2025-10-08T18:40:27","date_gmt":"2025-10-08T17:40:27","guid":{"rendered":"https:\/\/www.essencetantric.pt\/?post_type=product&#038;p=2360"},"modified":"2025-10-08T18:45:50","modified_gmt":"2025-10-08T17:45:50","slug":"bianca","status":"publish","type":"product","link":"https:\/\/www.essencetantric.pt\/en\/massagista\/bianca\/","title":{"rendered":"Bianca"},"content":{"rendered":"<p><!-- Texto em terceira pessoa (Essence Tantric apresentando) --><\/p>\n<div class=\"texto-terceira-pessoa\">\n<h4><strong>Bianca \u2013 vibrant sensuality and captivating touch<\/strong><\/h4>\n<p>THE <strong>Essence Tantric<\/strong> is pleased to reveal <strong>Bianca<\/strong>, a therapist where the <em>youth<\/em> and the <em>passion<\/em> They merge into a body of captivating beauty. With their <strong>intense brown eyes<\/strong> and a mane of <strong>black hair<\/strong> sedoso, Bianca irradia uma sensualidade magn\u00e9tica e confiante que promete envolver todos os seus sentidos.<br \/>\nA sua presen\u00e7a \u00e9 ao mesmo tempo doce e ardente, e o seu toque perito \u00e9 uma viagem de descoberta, concebido para despertar sensa\u00e7\u00f5es profundas de prazer, liberta\u00e7\u00e3o e uma conex\u00e3o \u00edntima com o pr\u00f3prio corpo. Bianca \u00e9 a escolha perfeita para quem anseia por uma experi\u00eancia que transcende o comum \u2014 ela oferece entrega total, foco e uma intensidade que marca a alma.<\/p>\n<p>Com Bianca, pode explorar todas as nossas massagens exclusivas:<\/p>\n<ul>\n<li><a href=\"https:\/\/www.essencetantric.pt\/pt\/massagem-tantrica\/\" target=\"_blank\" rel=\"noopener\">Tantric Massage<\/a>Unlock your energies and discover conscious pleasure.<\/li>\n<li><a href=\"https:\/\/www.essencetantric.pt\/pt\/massagem-body-to-body\/\" target=\"_blank\" rel=\"noopener\">Body to Body Massage<\/a>Intense connection through full body contact.<\/li>\n<li><a href=\"https:\/\/www.essencetantric.pt\/pt\/massagem-nuru\/\" target=\"_blank\" rel=\"noopener\">Nuru massage<\/a>: a slippery and captivating experience.<\/li>\n<li><a href=\"https:\/\/www.essencetantric.pt\/pt\/massagem-sensual\/\" target=\"_blank\" rel=\"noopener\">Sensual Massage<\/a>A perfect balance between eroticism and sensitivity.<\/li>\n<li><a href=\"https:\/\/www.essencetantric.pt\/pt\/massagem-yoni\/\" target=\"_blank\" rel=\"noopener\">Yoni Massage<\/a>: dedicated to female pleasure and awareness.<\/li>\n<li><a href=\"https:\/\/www.essencetantric.pt\/pt\/massagem-lingam\/\" target=\"_blank\" rel=\"noopener\">Lingam Massage<\/a>A deep connection with masculine energy.<\/li>\n<li><a href=\"https:\/\/www.essencetantric.pt\/pt\/massagem-para-casais\/\" target=\"_blank\" rel=\"noopener\">Couples Massage<\/a>Share an intimate and sensual moment as a couple.<\/li>\n<li><a href=\"https:\/\/www.essencetantric.pt\/pt\/massagem-de-relaxamento\/\" target=\"_blank\" rel=\"noopener\">Relaxation Massage<\/a>Perfect for relieving stress and renewing energy.<\/li>\n<li><a href=\"https:\/\/www.essencetantric.pt\/pt\/massagem-desportiva\/\" target=\"_blank\" rel=\"noopener\">Sports Massage<\/a>Ideal for revitalizing the body after physical exertion.<\/li>\n<\/ul>\n<p>With Bianca, every moment is a promise of intense pleasure and unforgettable memories. An experience for those who aren&#039;t afraid to feel deeply.<\/p>\n<\/div>\n<p><!-- Texto em primeira pessoa --><\/p>\n<div class=\"texto-primeira-pessoa\">\n<p>&nbsp;<\/p>\n<\/div>","protected":false},"excerpt":{"rendered":"<div class=\"texto-primeira-pessoa\">\n<h4><strong>A Meeting of Sensuality and Youth<\/strong><\/h4>\n<p>I am the <strong>Bianca<\/strong>, I have <strong>20 years<\/strong> ...and a body that combines youth and sensuality in every curve. With <strong>1.63m<\/strong> tall and <strong>60kg<\/strong>, My designs are an invitation to visual and tactile pleasure. <strong>brown eyes<\/strong> reflect intensity, while mine <strong>long black hair<\/strong> They accentuate the seduction that I naturally exude.<br \/>\nMy technique combines <strong>softness of hands<\/strong> \u00e0 <strong>body audacity<\/strong>, ...creating a unique experience where every movement is calculated for your maximum pleasure. Whether it&#039;s a more spiritual or intensely sensual massage, my goal is to make you... <strong>deliver completely<\/strong> to the sensations.<\/p>\n<p>Come and discover how... <strong>youth<\/strong> could it be <strong>experienced<\/strong>, and how the <strong>sensuality<\/strong> could it be <strong>transformative<\/strong>. I guarantee it will come out. <strong>renewed<\/strong> In body and soul.<\/p>\n<p>I&#039;m eager to provide unforgettable moments of pure ecstasy.<\/p>\n<\/div>","protected":false},"featured_media":2362,"comment_status":"open","ping_status":"closed","template":"","meta":{"_glsr_average":0,"_glsr_ranking":0,"_glsr_reviews":0,"_joinchat":[]},"product_brand":[],"product_cat":[16],"product_tag":[57,61,63,68,53,59,54,67,52,58,64,62,66,55,60,56,65],"class_list":{"0":"post-2360","1":"product","2":"type-product","3":"status-publish","4":"has-post-thumbnail","6":"product_cat-massagem-tantrica","7":"product_tag-body-to-body-massage-portimao","8":"product_tag-massagem-a-dois-algarve","9":"product_tag-massagem-com-final-feliz-algarve","10":"product_tag-massagem-de-luxo-algarve","11":"product_tag-massagem-erotica","12":"product_tag-massagem-intima-portimao","13":"product_tag-massagem-sensual-algarve","14":"product_tag-massagem-tantra-portimao","15":"product_tag-massagem-tantrica","16":"product_tag-massagens-eroticas-algarve","17":"product_tag-massagens-profissionais-em-portimao","18":"product_tag-massagens-relaxantes-portimao","19":"product_tag-massagistas-brasileiras-no-algarve","20":"product_tag-massagistas-em-portimao","21":"product_tag-spa-com-massagistas-sensuais-algarve","22":"product_tag-tantra-algarve","23":"product_tag-yoni-massage-portugal","24":"pa_altura-127","25":"pa_idade-30","26":"pa_massagens-massagem-body-to-body","27":"pa_massagens-massagem-erotica","28":"pa_massagens-massagem-lingam","29":"pa_massagens-massagem-nuru","30":"pa_massagens-massagem-para-casais","31":"pa_massagens-massagem-relaxante","32":"pa_massagens-massagem-tantrica","33":"pa_massagens-massagem-yoni","34":"pa_peso-31","36":"first","37":"instock","38":"shipping-taxable","39":"product-type-simple"},"acf":[],"_links":{"self":[{"href":"https:\/\/www.essencetantric.pt\/en\/wp-json\/wp\/v2\/product\/2360","targetHints":{"allow":["GET"]}}],"collection":[{"href":"https:\/\/www.essencetantric.pt\/en\/wp-json\/wp\/v2\/product"}],"about":[{"href":"https:\/\/www.essencetantric.pt\/en\/wp-json\/wp\/v2\/types\/product"}],"replies":[{"embeddable":true,"href":"https:\/\/www.essencetantric.pt\/en\/wp-json\/wp\/v2\/comments?post=2360"}],"wp:featuredmedia":[{"embeddable":true,"href":"https:\/\/www.essencetantric.pt\/en\/wp-json\/wp\/v2\/media\/2362"}],"wp:attachment":[{"href":"https:\/\/www.essencetantric.pt\/en\/wp-json\/wp\/v2\/media?parent=2360"}],"wp:term":[{"taxonomy":"product_brand","embeddable":true,"href":"https:\/\/www.essencetantric.pt\/en\/wp-json\/wp\/v2\/product_brand?post=2360"},{"taxonomy":"product_cat","embeddable":true,"href":"https:\/\/www.essencetantric.pt\/en\/wp-json\/wp\/v2\/product_cat?post=2360"},{"taxonomy":"product_tag","embeddable":true,"href":"https:\/\/www.essencetantric.pt\/en\/wp-json\/wp\/v2\/product_tag?post=2360"}],"curies":[{"name":"wp","href":"https:\/\/api.w.org\/{rel}","templated":true}]}}