{"id":2277,"date":"2025-09-23T21:00:30","date_gmt":"2025-09-23T20:00:30","guid":{"rendered":"https:\/\/www.essencetantric.pt\/?post_type=product&#038;p=2277"},"modified":"2025-09-23T21:03:06","modified_gmt":"2025-09-23T20:03:06","slug":"alexa","status":"publish","type":"product","link":"https:\/\/www.essencetantric.pt\/en\/massagista\/alexa\/","title":{"rendered":"Alexa"},"content":{"rendered":"<p><!-- Texto em terceira pessoa (Essence Tantric apresentando) --><\/p>\n<div class=\"texto-terceira-pessoa\">\n<h4><strong>Alexa \u2013 sensuality and energy in every detail.<\/strong><\/h4>\n<p>THE <strong>Essence Tantric<\/strong> We are pleased to present <strong>Alexa<\/strong>, a therapist who radiates youth and magnetism. At 24 years old, with her <strong>blonde hair<\/strong> and <strong>intense brown eyes<\/strong>, Alexa conquista desde o primeiro olhar e transforma cada sess\u00e3o num momento memor\u00e1vel.<\/p>\n<p>Com um toque firme e envolvente, Alexa combina t\u00e9cnica e sensualidade para proporcionar uma experi\u00eancia \u00fanica. A sua presen\u00e7a inspira confian\u00e7a e excita\u00e7\u00e3o, criando o ambiente perfeito para quem deseja relaxar, explorar e sentir novas formas de prazer.<\/p>\n<p>Com Alexa, poder\u00e1 desfrutar das nossas massagens exclusivas:<\/p>\n<ul>\n<li><a href=\"https:\/\/www.essencetantric.pt\/pt\/massagem-tantrica\/\" target=\"_blank\" rel=\"noopener\">Tantric Massage<\/a>Unlock your energies and discover conscious pleasure.<\/li>\n<li><a href=\"https:\/\/www.essencetantric.pt\/pt\/massagem-body-to-body\/\" target=\"_blank\" rel=\"noopener\">Body to Body Massage<\/a>Intense connection through full body contact.<\/li>\n<li><a href=\"https:\/\/www.essencetantric.pt\/pt\/massagem-nuru\/\" target=\"_blank\" rel=\"noopener\">Nuru massage<\/a>: a slippery and captivating experience.<\/li>\n<li><a href=\"https:\/\/www.essencetantric.pt\/pt\/massagem-sensual\/\" target=\"_blank\" rel=\"noopener\">Sensual Massage<\/a>A perfect balance between eroticism and sensitivity.<\/li>\n<li><a href=\"https:\/\/www.essencetantric.pt\/pt\/massagem-yoni\/\" target=\"_blank\" rel=\"noopener\">Yoni Massage<\/a>: dedicated to female pleasure and awareness.<\/li>\n<li><a href=\"https:\/\/www.essencetantric.pt\/pt\/massagem-lingam\/\" target=\"_blank\" rel=\"noopener\">Lingam Massage<\/a>A deep connection with masculine energy.<\/li>\n<li><a href=\"https:\/\/www.essencetantric.pt\/pt\/massagem-para-casais\/\" target=\"_blank\" rel=\"noopener\">Couples Massage<\/a>Share an intimate and sensual moment as a couple.<\/li>\n<li><a href=\"https:\/\/www.essencetantric.pt\/pt\/massagem-de-relaxamento\/\" target=\"_blank\" rel=\"noopener\">Relaxation Massage<\/a>Perfect for relieving stress and renewing energy.<\/li>\n<li><a href=\"https:\/\/www.essencetantric.pt\/pt\/massagem-desportiva\/\" target=\"_blank\" rel=\"noopener\">Sports Massage<\/a>Ideal for revitalizing the body after physical exertion.<\/li>\n<\/ul>\n<p>With Alexa, every touch is an invitation to pleasure, every glance a promise of intensity. An experience that will be etched in your memory.<\/p>\n<\/div>","protected":false},"excerpt":{"rendered":"<p><!-- Texto em primeira pessoa --><\/p>\n<div class=\"texto-primeira-pessoa\">\n<h4><strong>Discover pleasure through my touch\u2026<\/strong><\/h4>\n<p>Hello, I&#039;m <strong>Alexa<\/strong>. I have <strong>24 years old<\/strong>, <strong>1.60m<\/strong>, a curvy body with <strong>58kg<\/strong>, striking brown eyes and luscious blonde hair that falls softly over my shoulders.<\/p>\n<p>Each massage I offer is an invitation to surrender and discover new sensations. My touch awakens, envelops, and leads to moments of pleasure and deep relaxation, where body and mind find balance.<\/p>\n<p>With me, you&#039;ll discover that a massage can be much more than just a moment of well-being\u2014it will be an unforgettable experience of intimacy and connection. Let yourself be carried away by my energy and natural sensuality.<\/p>\n<\/div>","protected":false},"featured_media":2279,"comment_status":"open","ping_status":"closed","template":"","meta":{"_glsr_average":0,"_glsr_ranking":0,"_glsr_reviews":0,"_joinchat":[]},"product_brand":[],"product_cat":[16],"product_tag":[57,61,63,68,53,59,54,67,52,58,64,62,66,55,60,56,65],"class_list":{"0":"post-2277","1":"product","2":"type-product","3":"status-publish","4":"has-post-thumbnail","6":"product_cat-massagem-tantrica","7":"product_tag-body-to-body-massage-portimao","8":"product_tag-massagem-a-dois-algarve","9":"product_tag-massagem-com-final-feliz-algarve","10":"product_tag-massagem-de-luxo-algarve","11":"product_tag-massagem-erotica","12":"product_tag-massagem-intima-portimao","13":"product_tag-massagem-sensual-algarve","14":"product_tag-massagem-tantra-portimao","15":"product_tag-massagem-tantrica","16":"product_tag-massagens-eroticas-algarve","17":"product_tag-massagens-profissionais-em-portimao","18":"product_tag-massagens-relaxantes-portimao","19":"product_tag-massagistas-brasileiras-no-algarve","20":"product_tag-massagistas-em-portimao","21":"product_tag-spa-com-massagistas-sensuais-algarve","22":"product_tag-tantra-algarve","23":"product_tag-yoni-massage-portugal","24":"pa_altura-32","25":"pa_idade-40","26":"pa_massagens-massagem-body-to-body","27":"pa_massagens-massagem-erotica","28":"pa_massagens-massagem-lingam","29":"pa_massagens-massagem-nuru","30":"pa_massagens-massagem-para-casais","31":"pa_massagens-massagem-relaxante","32":"pa_massagens-massagem-tantrica","33":"pa_massagens-massagem-yoni","34":"pa_peso-24","36":"first","37":"instock","38":"shipping-taxable","39":"product-type-simple"},"acf":[],"_links":{"self":[{"href":"https:\/\/www.essencetantric.pt\/en\/wp-json\/wp\/v2\/product\/2277","targetHints":{"allow":["GET"]}}],"collection":[{"href":"https:\/\/www.essencetantric.pt\/en\/wp-json\/wp\/v2\/product"}],"about":[{"href":"https:\/\/www.essencetantric.pt\/en\/wp-json\/wp\/v2\/types\/product"}],"replies":[{"embeddable":true,"href":"https:\/\/www.essencetantric.pt\/en\/wp-json\/wp\/v2\/comments?post=2277"}],"wp:featuredmedia":[{"embeddable":true,"href":"https:\/\/www.essencetantric.pt\/en\/wp-json\/wp\/v2\/media\/2279"}],"wp:attachment":[{"href":"https:\/\/www.essencetantric.pt\/en\/wp-json\/wp\/v2\/media?parent=2277"}],"wp:term":[{"taxonomy":"product_brand","embeddable":true,"href":"https:\/\/www.essencetantric.pt\/en\/wp-json\/wp\/v2\/product_brand?post=2277"},{"taxonomy":"product_cat","embeddable":true,"href":"https:\/\/www.essencetantric.pt\/en\/wp-json\/wp\/v2\/product_cat?post=2277"},{"taxonomy":"product_tag","embeddable":true,"href":"https:\/\/www.essencetantric.pt\/en\/wp-json\/wp\/v2\/product_tag?post=2277"}],"curies":[{"name":"wp","href":"https:\/\/api.w.org\/{rel}","templated":true}]}}