{"id":1770,"date":"2025-08-14T23:12:04","date_gmt":"2025-08-14T22:12:04","guid":{"rendered":"https:\/\/www.essencetantric.pt\/?post_type=product&#038;p=1770"},"modified":"2025-08-14T23:16:07","modified_gmt":"2025-08-14T22:16:07","slug":"suzy","status":"publish","type":"product","link":"https:\/\/www.essencetantric.pt\/en\/massagista\/suzy\/","title":{"rendered":"Suzy"},"content":{"rendered":"<p>THE <strong>Essence Tantric<\/strong> orgulha-se de apresentar Suzy, uma loira sedutora de cabelos longos e ondulados, cuja presen\u00e7a e toque transformam cada sess\u00e3o numa experi\u00eancia memor\u00e1vel. Com um talento natural para despertar sensa\u00e7\u00f5es profundas, Suzy combina t\u00e9cnicas refinadas com um toque envolvente e apaixonante.<\/p>\n<p>Explore o universo do prazer e da conex\u00e3o com Suzy atrav\u00e9s das nossas massagens:<\/p>\n<ul>\n<li><a href=\"https:\/\/www.essencetantric.pt\/pt\/massagem-tantrica\/\" target=\"_blank\" rel=\"noopener\">Tantric Massage<\/a>: to unlock energies and rediscover pleasure with presence.<\/li>\n<li><a href=\"https:\/\/www.essencetantric.pt\/pt\/massagem-body-to-body\/\" target=\"_blank\" rel=\"noopener\">Body to Body Massage<\/a>: intense connection through full body contact.<\/li>\n<li><a href=\"https:\/\/www.essencetantric.pt\/pt\/massagem-nuru\/\" target=\"_blank\" rel=\"noopener\">Nuru massage<\/a>: slippery and enveloping touch with total surrender.<\/li>\n<li><a href=\"https:\/\/www.essencetantric.pt\/pt\/massagem-sensual\/\" target=\"_blank\" rel=\"noopener\">Sensual Massage<\/a>: balance between eroticism and sensitivity.<\/li>\n<li><a href=\"https:\/\/www.essencetantric.pt\/pt\/massagem-yoni\/\" target=\"_blank\" rel=\"noopener\">Yoni Massage<\/a>: dedicated to the feminine universe and conscious pleasure.<\/li>\n<li><a href=\"https:\/\/www.essencetantric.pt\/pt\/massagem-lingam\/\" target=\"_blank\" rel=\"noopener\">Lingam Massage<\/a>: for those looking to explore male sexual energy with respect and attention.<\/li>\n<li><a href=\"https:\/\/www.essencetantric.pt\/pt\/massagem-para-casais\/\" target=\"_blank\" rel=\"noopener\">Couples Massage<\/a>: share an intimate and sensory experience as a couple.<\/li>\n<li><a href=\"https:\/\/www.essencetantric.pt\/pt\/massagem-de-relaxamento\/\" target=\"_blank\" rel=\"noopener\">Relaxation Massage<\/a>: perfect for relieving stress and restoring tranquility.<\/li>\n<li><a href=\"https:\/\/www.essencetantric.pt\/pt\/massagem-desportiva\/\" target=\"_blank\" rel=\"noopener\">Sports Massage<\/a>: recommended for taking care of the body after physical exercise.<\/li>\n<\/ul>\n<p>Let yourself be guided by Suzy&#039;s experienced hands and discover a world of pleasure, surrender, and harmony.<\/p>","protected":false},"excerpt":{"rendered":"<p><strong>Exclusive service: From August 16th to August 22nd, 2025<\/strong><\/p>\n<p>Hello, I&#039;m <strong>Suzy<\/strong>\u2026 An irresistible blonde with long, wavy hair, ready to immerse all your senses in a unique experience. Every touch of mine is designed to awaken your pleasure and lead you to a state of deep relaxation and intense connection. I want to feel your energy, explore your body with gentleness and passion, and make every moment unforgettable. Come lose yourself in my touch and discover new forms of pleasure\u2026 I&#039;m waiting for you.<\/p>","protected":false},"featured_media":1775,"comment_status":"open","ping_status":"closed","template":"","meta":{"_glsr_average":0,"_glsr_ranking":0,"_glsr_reviews":0,"_joinchat":[]},"product_brand":[],"product_cat":[16],"product_tag":[57,61,63,68,53,59,54,67,52,58,64,62,66,55,60,56,65],"class_list":{"0":"post-1770","1":"product","2":"type-product","3":"status-publish","4":"has-post-thumbnail","6":"product_cat-massagem-tantrica","7":"product_tag-body-to-body-massage-portimao","8":"product_tag-massagem-a-dois-algarve","9":"product_tag-massagem-com-final-feliz-algarve","10":"product_tag-massagem-de-luxo-algarve","11":"product_tag-massagem-erotica","12":"product_tag-massagem-intima-portimao","13":"product_tag-massagem-sensual-algarve","14":"product_tag-massagem-tantra-portimao","15":"product_tag-massagem-tantrica","16":"product_tag-massagens-eroticas-algarve","17":"product_tag-massagens-profissionais-em-portimao","18":"product_tag-massagens-relaxantes-portimao","19":"product_tag-massagistas-brasileiras-no-algarve","20":"product_tag-massagistas-em-portimao","21":"product_tag-spa-com-massagistas-sensuais-algarve","22":"product_tag-tantra-algarve","23":"product_tag-yoni-massage-portugal","25":"first","26":"instock","27":"shipping-taxable","28":"product-type-simple"},"acf":[],"_links":{"self":[{"href":"https:\/\/www.essencetantric.pt\/en\/wp-json\/wp\/v2\/product\/1770","targetHints":{"allow":["GET"]}}],"collection":[{"href":"https:\/\/www.essencetantric.pt\/en\/wp-json\/wp\/v2\/product"}],"about":[{"href":"https:\/\/www.essencetantric.pt\/en\/wp-json\/wp\/v2\/types\/product"}],"replies":[{"embeddable":true,"href":"https:\/\/www.essencetantric.pt\/en\/wp-json\/wp\/v2\/comments?post=1770"}],"wp:featuredmedia":[{"embeddable":true,"href":"https:\/\/www.essencetantric.pt\/en\/wp-json\/wp\/v2\/media\/1775"}],"wp:attachment":[{"href":"https:\/\/www.essencetantric.pt\/en\/wp-json\/wp\/v2\/media?parent=1770"}],"wp:term":[{"taxonomy":"product_brand","embeddable":true,"href":"https:\/\/www.essencetantric.pt\/en\/wp-json\/wp\/v2\/product_brand?post=1770"},{"taxonomy":"product_cat","embeddable":true,"href":"https:\/\/www.essencetantric.pt\/en\/wp-json\/wp\/v2\/product_cat?post=1770"},{"taxonomy":"product_tag","embeddable":true,"href":"https:\/\/www.essencetantric.pt\/en\/wp-json\/wp\/v2\/product_tag?post=1770"}],"curies":[{"name":"wp","href":"https:\/\/api.w.org\/{rel}","templated":true}]}}